{"id":4342,"date":"2025-04-03T21:05:25","date_gmt":"2025-04-03T19:05:25","guid":{"rendered":"https:\/\/edoaria.com\/?post_type=product&#038;p=4342"},"modified":"2026-04-08T16:45:34","modified_gmt":"2026-04-08T14:45:34","slug":"jardin-des-cyclades-signature-sleek-pouch","status":"publish","type":"product","link":"https:\/\/edoaria.com\/fr\/shop\/jardin-des-cyclades-signature-sleek-pouch\/","title":{"rendered":"Jardin des Cyclades - Pochette Signature Sleek"},"content":{"rendered":"<p><strong>Pr\u00e9sentation de la pochette \u00e9l\u00e9gante Signature du Jardin des Cyclades<\/strong>Le porte-bonheur est un accessoire de luxe qui combine des utilisations quotidiennes infinies avec la beaut\u00e9 grecque intemporelle, la protection et l'art nouveau belge. Inspir\u00e9 par les d\u00e9tails floraux de l'architecture Art nouveau belge, cet objet ajoute \u00e9galement une touche discr\u00e8te et \u00e9l\u00e9gante de protection avec un magnifique mauvais \u0153il.<\/p>\n<ul>\n<li><strong>Symbole de protection : <\/strong>Inspir\u00e9 du mauvais \u0153il grec pour la protection et l'\u00e9nergie positive.<\/li>\n<li><strong>Le luxe durable : <\/strong>Broderie d\u00e9licate sur des mat\u00e9riaux doux et recycl\u00e9s 100%.<\/li>\n<li><strong>Polyvalent : <\/strong>Parfait pour ranger vos objets de tous les jours et se glisser dans votre sac \u00e0 main.<\/li>\n<li><strong>Cadeau id\u00e9al : <\/strong>Con\u00e7u pour \u00eatre un cadeau significatif pour les amoureux, les m\u00e8res, les meilleures amies du monde ou les amoureux des \u00e9toiles.<\/li>\n<\/ul>\n<p>Chez Edoaria, nous pensons qu'il ne s'agit pas seulement de belles pochettes et de sacs pour organiser votre quotidien. Nous cr\u00e9ons des pi\u00e8ces utiles qui vous permettent de <strong>Portez \u00e9l\u00e9gamment un peu de magie et de protection avec vous<\/strong>.<\/p>\n<p>Notre collection Jardin des Cyclades ne se contente pas de compl\u00e9ter votre style, elle soutient \u00e9galement la conservation des oc\u00e9ans. Avec <strong>2% des b\u00e9n\u00e9fices consacr\u00e9s \u00e0 la protection de la faune marine<\/strong>Chaque achat fait la diff\u00e9rence et contribue \u00e0 la protection de nos oc\u00e9ans.<\/p>\n<p>Que ce soit \u00e0 la maison ou en d\u00e9placement, cette <strong>Pochette Signature Sleek<\/strong> - en velours tr\u00e8s doux - apporte \u00e0 votre collection d'accessoires un sens de l'art, une \u00e9nergie positive, un luxe raffin\u00e9 et le charme protecteur du mauvais \u0153il.<\/p>\n<p>Parfait pour :<\/p>\n<ul>\n<li><strong>Coups de c\u0153ur en mati\u00e8re de technologie ou de papeterie\u00a0<\/strong> : Organisez votre agenda, votre calendrier, votre carnet de notes, votre journal, votre tablette.<\/li>\n<li><strong>Compagnon de voyage<\/strong> : Id\u00e9al pour emporter votre passeport et tous vos accessoires de voyage o\u00f9 que vous soyez.<\/li>\n<li><strong>Broderie personnalis\u00e9e<\/strong> : Ajoutez votre <a href=\"https:\/\/edoaria.com\/fr\/shop\/personalise-petite-signature-initials\/\">initiales<\/a>, a <a href=\"https:\/\/edoaria.com\/fr\/shop\/personalise-grand-duo-monogram\/\">monogramme grand duo<\/a> ou votre <a href=\"https:\/\/edoaria.com\/fr\/shop\/personalise-add-full-name-or-text\/\">nom<\/a> pour le rendre unique.<\/li>\n<\/ul>\n<p>Achetez maintenant et poss\u00e9dez une pi\u00e8ce d'une beaut\u00e9 intemporelle avec un but et une protection -<strong>disponible uniquement en quantit\u00e9s limit\u00e9es.<\/strong><\/p>\n<h6>Besoin d'aide ?<\/h6>\n<p>Nos FAQ sont disponibles\u00a0<a href=\"https:\/\/edoaria.com\/fr\/faq\/\">ICI<\/a><br \/>\nSi vous ne trouvez pas la r\u00e9ponse que vous cherchez ici, n'h\u00e9sitez pas \u00e0 nous contacter en suivant ce lien -\u00a0<a href=\"https:\/\/edoaria.com\/fr\/contact\/\">Formulaire de contact<\/a>.<\/p>\n<p>&nbsp;<\/p>","protected":false},"excerpt":{"rendered":"<p>Voici la Signature Sleek Pouch du Jardin des Cyclades, un accessoire de luxe qui combine des utilisations quotidiennes infinies avec la beaut\u00e9 grecque intemporelle, la protection et l'art nouveau belge. Inspir\u00e9 par les d\u00e9tails floraux de l'architecture Art Nouveau belge, cet objet ajoute \u00e9galement une touche discr\u00e8te et \u00e9l\u00e9gante de protection avec un magnifique mauvais \u0153il. Symbole de protection : Inspir\u00e9...<\/p>","protected":false},"featured_media":4323,"comment_status":"open","ping_status":"closed","template":"","meta":{"_kadence_starter_templates_imported_post":false,"_kad_post_transparent":"default","_kad_post_title":"","_kad_post_layout":"default","_kad_post_sidebar_id":"","_kad_post_content_style":"default","_kad_post_vertical_padding":"default","_kad_post_feature":"","_kad_post_feature_position":"","_kad_post_header":false,"_kad_post_footer":false,"jetpack_post_was_ever_published":false,"jetpack_publicize_message":"","jetpack_publicize_feature_enabled":true,"jetpack_social_post_already_shared":false,"jetpack_social_options":{"image_generator_settings":{"template":"highway","default_image_id":0,"font":"","enabled":false},"version":2}},"product_brand":[],"product_cat":[102,106,99,110,248,131],"product_tag":[],"class_list":{"0":"post-4342","1":"product","2":"type-product","3":"status-publish","4":"has-post-thumbnail","6":"product_cat-beauty-gifts","7":"product_cat-bridal-gifts","8":"product_cat-mum-gifts","9":"product_cat-gifts-under-50","10":"product_cat-jardin-des-cyclades","11":"product_cat-signature-sleek-pouch","13":"first","14":"instock","15":"purchasable","16":"product-type-simple","17":"entry","18":"content-bg","19":"loop-entry"},"jetpack_publicize_connections":[],"jetpack-related-posts":[{"id":4340,"url":"https:\/\/edoaria.com\/fr\/shop\/jardin-des-cyclades-essentials-sleek-pouch\/","url_meta":{"origin":4342,"position":0},"title":"Jardin des Cyclades - Pochette Essentials Sleek","author":"Alexandra Emonts","date":"3 avril 2025","format":false,"excerpt":"Introducing the Jardin des Cyclades Essential Sleek Pouch, a luxury accessory that combines timeless Greek evil eye with Art Nouveau floral. This slim mini pouch adds a discreet touch of magic and protection to your life while helping you stay organised. Protection symbol : Inspired by the Greek Evil Eye\u2026","rel":"","context":"Article similaire","block_context":{"text":"Article similaire","link":""},"img":{"alt_text":"A sapphire blue velvet Essentials Sleek Pouch featuring an Art Nouveau floral design with a Greek Mati at the center.","src":"https:\/\/i0.wp.com\/edoaria.com\/wp-content\/uploads\/2025\/04\/sq20250331_130634-scaled.jpg?resize=350%2C200&ssl=1","width":350,"height":200,"srcset":"https:\/\/i0.wp.com\/edoaria.com\/wp-content\/uploads\/2025\/04\/sq20250331_130634-scaled.jpg?resize=350%2C200&ssl=1 1x, https:\/\/i0.wp.com\/edoaria.com\/wp-content\/uploads\/2025\/04\/sq20250331_130634-scaled.jpg?resize=525%2C300&ssl=1 1.5x, https:\/\/i0.wp.com\/edoaria.com\/wp-content\/uploads\/2025\/04\/sq20250331_130634-scaled.jpg?resize=700%2C400&ssl=1 2x, https:\/\/i0.wp.com\/edoaria.com\/wp-content\/uploads\/2025\/04\/sq20250331_130634-scaled.jpg?resize=1050%2C600&ssl=1 3x, https:\/\/i0.wp.com\/edoaria.com\/wp-content\/uploads\/2025\/04\/sq20250331_130634-scaled.jpg?resize=1400%2C800&ssl=1 4x"},"classes":[]},{"id":4344,"url":"https:\/\/edoaria.com\/fr\/shop\/jardin-des-cyclades-grand-toiletry-bag\/","url_meta":{"origin":4342,"position":1},"title":"Jardin des Cyclades - Grande trousse de toilette","author":"Alexandra Emonts","date":"3 avril 2025","format":false,"excerpt":"Introducing the Jardin des Cyclades Grand Toiletry Bag, a luxury accessory that combines timeless Greek evil eye with Art Nouveau florals. Inspired by the ancient protection symbols and Belgian architecture, this piece adds a discreet and elegant touch of magic and protection to your life. Protection symbol : Inspired by\u2026","rel":"","context":"Article similaire","block_context":{"text":"Article similaire","link":""},"img":{"alt_text":"A luxurious deep sapphire blue velvet Grand Toiletry Bag featuring an Art Nouveau floral design intertwined with a protective Greek evil eye motif, set against an ancient Greek temple floor.","src":"https:\/\/i0.wp.com\/edoaria.com\/wp-content\/uploads\/2025\/04\/sq20250331_131728-scaled.jpg?resize=350%2C200&ssl=1","width":350,"height":200,"srcset":"https:\/\/i0.wp.com\/edoaria.com\/wp-content\/uploads\/2025\/04\/sq20250331_131728-scaled.jpg?resize=350%2C200&ssl=1 1x, https:\/\/i0.wp.com\/edoaria.com\/wp-content\/uploads\/2025\/04\/sq20250331_131728-scaled.jpg?resize=525%2C300&ssl=1 1.5x, https:\/\/i0.wp.com\/edoaria.com\/wp-content\/uploads\/2025\/04\/sq20250331_131728-scaled.jpg?resize=700%2C400&ssl=1 2x, https:\/\/i0.wp.com\/edoaria.com\/wp-content\/uploads\/2025\/04\/sq20250331_131728-scaled.jpg?resize=1050%2C600&ssl=1 3x, https:\/\/i0.wp.com\/edoaria.com\/wp-content\/uploads\/2025\/04\/sq20250331_131728-scaled.jpg?resize=1400%2C800&ssl=1 4x"},"classes":[]},{"id":4343,"url":"https:\/\/edoaria.com\/fr\/shop\/jardin-des-cyclades-petite-makeup-bag\/","url_meta":{"origin":4342,"position":2},"title":"Jardin des Cyclades - Petite trousse de maquillage","author":"Alexandra Emonts","date":"3 avril 2025","format":false,"excerpt":"Voici la Petite Trousse de Maquillage du Jardin des Cyclades, un accessoire de luxe qui allie symbole de protection et Art Nouveau belge. Inspir\u00e9e par le mauvais \u0153il grec et la beaut\u00e9 des fleurs, cette pi\u00e8ce ajoute une touche discr\u00e8te et \u00e9l\u00e9gante de magie et de protection \u00e0 votre vie. Symbole de protection : Inspir\u00e9 par...","rel":"","context":"Article similaire","block_context":{"text":"Article similaire","link":""},"img":{"alt_text":"A Petite Makeup Bag in deep sapphire blue velvet with intricate Arabesque and Greek Mati embroidery, set against an ancient Greek temple floor.","src":"https:\/\/i0.wp.com\/edoaria.com\/wp-content\/uploads\/2025\/04\/sq20250331_130816-scaled.jpg?resize=350%2C200&ssl=1","width":350,"height":200,"srcset":"https:\/\/i0.wp.com\/edoaria.com\/wp-content\/uploads\/2025\/04\/sq20250331_130816-scaled.jpg?resize=350%2C200&ssl=1 1x, https:\/\/i0.wp.com\/edoaria.com\/wp-content\/uploads\/2025\/04\/sq20250331_130816-scaled.jpg?resize=525%2C300&ssl=1 1.5x, https:\/\/i0.wp.com\/edoaria.com\/wp-content\/uploads\/2025\/04\/sq20250331_130816-scaled.jpg?resize=700%2C400&ssl=1 2x, https:\/\/i0.wp.com\/edoaria.com\/wp-content\/uploads\/2025\/04\/sq20250331_130816-scaled.jpg?resize=1050%2C600&ssl=1 3x, https:\/\/i0.wp.com\/edoaria.com\/wp-content\/uploads\/2025\/04\/sq20250331_130816-scaled.jpg?resize=1400%2C800&ssl=1 4x"},"classes":[]},{"id":3983,"url":"https:\/\/edoaria.com\/fr\/shop\/rouge-amour-signature-sleek-pouch\/","url_meta":{"origin":4342,"position":3},"title":"Rouge Amour - Pochette Signature Sleek","author":"Alexandra Emonts","date":"27 janvier 2025","format":false,"excerpt":"Introducing the Rouge Amour Signature Sleek Pouch, a luxury accessory that combines endless everyday uses with timeless celestial beauty, protection and enchanted heart. Inspired by the ancient protection symbols and the energies of the cosmos, this piece adds a discreet and elegant touch of love and protection to your life.\u2026","rel":"","context":"Article similaire","block_context":{"text":"Article similaire","link":""},"img":{"alt_text":"Front view of the Edoaria Rouge Amour Signature Sleek Pouch in soft pink velvet, embroidered with celestial love symbols in deep red, dusky pink, gold, and purple.","src":"https:\/\/i0.wp.com\/edoaria.com\/wp-content\/uploads\/2025\/01\/1.RougeAmour_Front2-scaled.jpg?resize=350%2C200&ssl=1","width":350,"height":200,"srcset":"https:\/\/i0.wp.com\/edoaria.com\/wp-content\/uploads\/2025\/01\/1.RougeAmour_Front2-scaled.jpg?resize=350%2C200&ssl=1 1x, https:\/\/i0.wp.com\/edoaria.com\/wp-content\/uploads\/2025\/01\/1.RougeAmour_Front2-scaled.jpg?resize=525%2C300&ssl=1 1.5x, https:\/\/i0.wp.com\/edoaria.com\/wp-content\/uploads\/2025\/01\/1.RougeAmour_Front2-scaled.jpg?resize=700%2C400&ssl=1 2x, https:\/\/i0.wp.com\/edoaria.com\/wp-content\/uploads\/2025\/01\/1.RougeAmour_Front2-scaled.jpg?resize=1050%2C600&ssl=1 3x, https:\/\/i0.wp.com\/edoaria.com\/wp-content\/uploads\/2025\/01\/1.RougeAmour_Front2-scaled.jpg?resize=1400%2C800&ssl=1 4x"},"classes":[]},{"id":3984,"url":"https:\/\/edoaria.com\/fr\/shop\/rouge-amour-essentials-sleek-pouch\/","url_meta":{"origin":4342,"position":4},"title":"Rouge Amour - Pochette Essentials Sleek","author":"Alexandra Emonts","date":"27 janvier 2025","format":false,"excerpt":"Introducing the Rouge Amour Essential Sleek Pouch, a luxury accessory that combines timeless Greek evil eye with love. This slim mini pouch adds a discreet touch of magic and protection to your life while helping you stay organised. Protection symbol : Inspired by the Greek Evil Eye for protection and\u2026","rel":"","context":"Article similaire","block_context":{"text":"Article similaire","link":""},"img":{"alt_text":"Front view of the Edoaria Rouge Amour Essentials Sleek Pouch in soft pink velvet, featuring celestial embroidery in deep red, dusky pink, gold, and purple.","src":"https:\/\/i0.wp.com\/edoaria.com\/wp-content\/uploads\/2025\/01\/1RougeAmour_Front-scaled.jpg?resize=350%2C200&ssl=1","width":350,"height":200,"srcset":"https:\/\/i0.wp.com\/edoaria.com\/wp-content\/uploads\/2025\/01\/1RougeAmour_Front-scaled.jpg?resize=350%2C200&ssl=1 1x, https:\/\/i0.wp.com\/edoaria.com\/wp-content\/uploads\/2025\/01\/1RougeAmour_Front-scaled.jpg?resize=525%2C300&ssl=1 1.5x, https:\/\/i0.wp.com\/edoaria.com\/wp-content\/uploads\/2025\/01\/1RougeAmour_Front-scaled.jpg?resize=700%2C400&ssl=1 2x, https:\/\/i0.wp.com\/edoaria.com\/wp-content\/uploads\/2025\/01\/1RougeAmour_Front-scaled.jpg?resize=1050%2C600&ssl=1 3x, https:\/\/i0.wp.com\/edoaria.com\/wp-content\/uploads\/2025\/01\/1RougeAmour_Front-scaled.jpg?resize=1400%2C800&ssl=1 4x"},"classes":[]},{"id":3982,"url":"https:\/\/edoaria.com\/fr\/shop\/rouge-amour-petite-makeup-bag\/","url_meta":{"origin":4342,"position":5},"title":"Rouge Amour - Petite trousse de maquillage","author":"Alexandra Emonts","date":"27 janvier 2025","format":false,"excerpt":"La Petite Trousse de Maquillage Rouge Amour est un accessoire de luxe qui associe le symbole de protection \u00e0 la beaut\u00e9 c\u00e9leste et \u00e0 l'amour sacr\u00e9. Inspir\u00e9e par le mauvais \u0153il grec et le pouvoir de l'amour, cette pi\u00e8ce ajoute une touche discr\u00e8te et \u00e9l\u00e9gante de magie et de protection \u00e0 votre vie. Symbole de protection : Inspir\u00e9...","rel":"","context":"Article similaire","block_context":{"text":"Article similaire","link":""},"img":{"alt_text":"Front view of the Edoaria Rouge Amour Petite Makeup Bag in soft pink velvet, featuring celestial hearts, stars, and moon embroidery in romantic hues.","src":"https:\/\/i0.wp.com\/edoaria.com\/wp-content\/uploads\/2025\/01\/1.RougeAmour_Front-1-scaled.jpg?resize=350%2C200&ssl=1","width":350,"height":200,"srcset":"https:\/\/i0.wp.com\/edoaria.com\/wp-content\/uploads\/2025\/01\/1.RougeAmour_Front-1-scaled.jpg?resize=350%2C200&ssl=1 1x, https:\/\/i0.wp.com\/edoaria.com\/wp-content\/uploads\/2025\/01\/1.RougeAmour_Front-1-scaled.jpg?resize=525%2C300&ssl=1 1.5x, https:\/\/i0.wp.com\/edoaria.com\/wp-content\/uploads\/2025\/01\/1.RougeAmour_Front-1-scaled.jpg?resize=700%2C400&ssl=1 2x, https:\/\/i0.wp.com\/edoaria.com\/wp-content\/uploads\/2025\/01\/1.RougeAmour_Front-1-scaled.jpg?resize=1050%2C600&ssl=1 3x, https:\/\/i0.wp.com\/edoaria.com\/wp-content\/uploads\/2025\/01\/1.RougeAmour_Front-1-scaled.jpg?resize=1400%2C800&ssl=1 4x"},"classes":[]}],"jetpack_sharing_enabled":true,"_links":{"self":[{"href":"https:\/\/edoaria.com\/fr\/wp-json\/wp\/v2\/product\/4342","targetHints":{"allow":["GET"]}}],"collection":[{"href":"https:\/\/edoaria.com\/fr\/wp-json\/wp\/v2\/product"}],"about":[{"href":"https:\/\/edoaria.com\/fr\/wp-json\/wp\/v2\/types\/product"}],"replies":[{"embeddable":true,"href":"https:\/\/edoaria.com\/fr\/wp-json\/wp\/v2\/comments?post=4342"}],"wp:featuredmedia":[{"embeddable":true,"href":"https:\/\/edoaria.com\/fr\/wp-json\/wp\/v2\/media\/4323"}],"wp:attachment":[{"href":"https:\/\/edoaria.com\/fr\/wp-json\/wp\/v2\/media?parent=4342"}],"wp:term":[{"taxonomy":"product_brand","embeddable":true,"href":"https:\/\/edoaria.com\/fr\/wp-json\/wp\/v2\/product_brand?post=4342"},{"taxonomy":"product_cat","embeddable":true,"href":"https:\/\/edoaria.com\/fr\/wp-json\/wp\/v2\/product_cat?post=4342"},{"taxonomy":"product_tag","embeddable":true,"href":"https:\/\/edoaria.com\/fr\/wp-json\/wp\/v2\/product_tag?post=4342"}],"curies":[{"name":"wp","href":"https:\/\/api.w.org\/{rel}","templated":true}]}}