{"id":3699,"date":"2024-12-20T21:53:13","date_gmt":"2024-12-20T20:53:13","guid":{"rendered":"https:\/\/edoaria.com\/?post_type=product&#038;p=3699"},"modified":"2026-04-08T16:32:41","modified_gmt":"2026-04-08T14:32:41","slug":"personalise-grand-duo-monogram","status":"publish","type":"product","link":"https:\/\/edoaria.com\/fr\/shop\/personalise-grand-duo-monogram\/","title":{"rendered":"Personnalisation : Monogramme Grand Duo"},"content":{"rendered":"<p>Personnalisez votre sac ou pochette avec deux initiales \u00e9l\u00e9gamment reli\u00e9es par un magnifique symbole \u201c &amp; \u201d. Les initiales peuvent \u00eatre celles de meilleures amies, de la mari\u00e9e et de ses demoiselles d'honneur, d'amoureux, des noms de vos enfants,\u2026<\/p>\n<p>La broderie est propos\u00e9e en Or (une couleur soigneusement s\u00e9lectionn\u00e9e pour compl\u00e9ter n'importe quel design de votre choix). Contactez-nous si vous souhaitez une couleur personnalis\u00e9e.<\/p>\n<h5>TAILLE ET POSITION<\/h5>\n<p>Pour tous les mod\u00e8les, le Grand Duo Monogram sera magnifiquement plac\u00e9 au dos de votre pochette ou sac, au centre (voir la galerie), laissant le devant joliment illustr\u00e9 par le design de notre collection. <span style=\"font-family: var(--global-body-font-family);\">La hauteur approximative des initiales sera d'environ 4 cm.\u00a0<\/span><\/p>\n<div class=\"question\">\n<h5>BESOIN D'AIDE ?<\/h5>\n<\/div>\n<div class=\"answer\">\n<ul>\n<li>Suivez notre guide pas \u00e0 pas <a href=\"https:\/\/edoaria.com\/fr\/personalised-items\/\">ICI<\/a><\/li>\n<li>Nos FAQ sur les produits personnalis\u00e9s sont disponibles \u00e0 l'adresse suivante <a href=\"https:\/\/edoaria.com\/fr\/personalised-items\/#FAQ-personalisation\">ICI<\/a><\/li>\n<li>Si vous ne trouvez pas la r\u00e9ponse que vous cherchez ici, n'h\u00e9sitez pas \u00e0 nous contacter. <strong>avant de passer votre commande <\/strong>en suivant ce lien - <a href=\"https:\/\/edoaria.com\/fr\/contact\/\">Nous contacter.<\/a><\/li>\n<\/ul>\n<p><em>Veuillez noter que les articles personnalis\u00e9s \u00e9tant faits sur mesure, ils ne sont pas retournables, sauf s'ils sont d\u00e9fectueux. Les commandes prennent 1 \u00e0 3 jours de plus pour \u00eatre trait\u00e9es, car nous travaillons sur chaque article avec amour et soin.<\/em><\/p>\n<p>&nbsp;<\/p>\n<\/div>","protected":false},"excerpt":{"rendered":"<p>Personnalisez votre pochette Edoaria avec deux initiales \u00e9l\u00e9gamment reli\u00e9es par un beau symbole \"&amp;\". Elles appara\u00eetront au dos de l'article.<\/p>","protected":false},"featured_media":4663,"comment_status":"open","ping_status":"closed","template":"","meta":{"_kadence_starter_templates_imported_post":false,"_kad_post_transparent":"default","_kad_post_title":"","_kad_post_layout":"default","_kad_post_sidebar_id":"","_kad_post_content_style":"default","_kad_post_vertical_padding":"default","_kad_post_feature":"","_kad_post_feature_position":"","_kad_post_header":false,"_kad_post_footer":false,"jetpack_post_was_ever_published":false,"jetpack_publicize_message":"","jetpack_publicize_feature_enabled":true,"jetpack_social_post_already_shared":false,"jetpack_social_options":{"image_generator_settings":{"template":"highway","default_image_id":0,"font":"","enabled":false},"version":2}},"product_brand":[],"product_cat":[106,99,108,231],"product_tag":[],"class_list":{"0":"post-3699","1":"product","2":"type-product","3":"status-publish","4":"has-post-thumbnail","6":"product_cat-bridal-gifts","7":"product_cat-mum-gifts","8":"product_cat-gifts-under-25","9":"product_cat-personalise","11":"first","12":"instock","13":"purchasable","14":"product-type-variable","15":"entry","16":"content-bg","17":"loop-entry","18":"rtwpvg-product"},"jetpack_publicize_connections":[],"jetpack-related-posts":[{"id":3209,"url":"https:\/\/edoaria.com\/fr\/shop\/personalise-initials\/","url_meta":{"origin":3699,"position":0},"title":"Personnaliser : Initiales","author":"Alexandra Emonts","date":"27 novembre 2024","format":false,"excerpt":"Personnalisez votre pochette Edoaria avec 2 ou 3 initiales \u00e9l\u00e9gamment brod\u00e9es en or. Elles appara\u00eetront au dos de l'article.","rel":"","context":"Article similaire","block_context":{"text":"Article similaire","link":""},"img":{"alt_text":"Edoaria smallest pouch from the Jardin des Cyclades collection personnalised with name in gold and red embroidery","src":"https:\/\/i0.wp.com\/edoaria.com\/wp-content\/uploads\/2026\/04\/Personalise_initials_blue_essentials_flatlay-scaled.jpg?resize=350%2C200&ssl=1","width":350,"height":200,"srcset":"https:\/\/i0.wp.com\/edoaria.com\/wp-content\/uploads\/2026\/04\/Personalise_initials_blue_essentials_flatlay-scaled.jpg?resize=350%2C200&ssl=1 1x, https:\/\/i0.wp.com\/edoaria.com\/wp-content\/uploads\/2026\/04\/Personalise_initials_blue_essentials_flatlay-scaled.jpg?resize=525%2C300&ssl=1 1.5x, https:\/\/i0.wp.com\/edoaria.com\/wp-content\/uploads\/2026\/04\/Personalise_initials_blue_essentials_flatlay-scaled.jpg?resize=700%2C400&ssl=1 2x, https:\/\/i0.wp.com\/edoaria.com\/wp-content\/uploads\/2026\/04\/Personalise_initials_blue_essentials_flatlay-scaled.jpg?resize=1050%2C600&ssl=1 3x, https:\/\/i0.wp.com\/edoaria.com\/wp-content\/uploads\/2026\/04\/Personalise_initials_blue_essentials_flatlay-scaled.jpg?resize=1400%2C800&ssl=1 4x"},"classes":[]},{"id":3983,"url":"https:\/\/edoaria.com\/fr\/shop\/rouge-amour-signature-sleek-pouch\/","url_meta":{"origin":3699,"position":1},"title":"Rouge Amour - Pochette Signature Sleek","author":"Alexandra Emonts","date":"27 janvier 2025","format":false,"excerpt":"Introducing the Rouge Amour Signature Sleek Pouch, a luxury accessory that combines endless everyday uses with timeless celestial beauty, protection and enchanted heart. Inspired by the ancient protection symbols and the energies of the cosmos, this piece adds a discreet and elegant touch of love and protection to your life.\u2026","rel":"","context":"Article similaire","block_context":{"text":"Article similaire","link":""},"img":{"alt_text":"Front view of the Edoaria Rouge Amour Signature Sleek Pouch in soft pink velvet, embroidered with celestial love symbols in deep red, dusky pink, gold, and purple.","src":"https:\/\/i0.wp.com\/edoaria.com\/wp-content\/uploads\/2025\/01\/1.RougeAmour_Front2-scaled.jpg?resize=350%2C200&ssl=1","width":350,"height":200,"srcset":"https:\/\/i0.wp.com\/edoaria.com\/wp-content\/uploads\/2025\/01\/1.RougeAmour_Front2-scaled.jpg?resize=350%2C200&ssl=1 1x, https:\/\/i0.wp.com\/edoaria.com\/wp-content\/uploads\/2025\/01\/1.RougeAmour_Front2-scaled.jpg?resize=525%2C300&ssl=1 1.5x, https:\/\/i0.wp.com\/edoaria.com\/wp-content\/uploads\/2025\/01\/1.RougeAmour_Front2-scaled.jpg?resize=700%2C400&ssl=1 2x, https:\/\/i0.wp.com\/edoaria.com\/wp-content\/uploads\/2025\/01\/1.RougeAmour_Front2-scaled.jpg?resize=1050%2C600&ssl=1 3x, https:\/\/i0.wp.com\/edoaria.com\/wp-content\/uploads\/2025\/01\/1.RougeAmour_Front2-scaled.jpg?resize=1400%2C800&ssl=1 4x"},"classes":[]},{"id":4340,"url":"https:\/\/edoaria.com\/fr\/shop\/jardin-des-cyclades-essentials-sleek-pouch\/","url_meta":{"origin":3699,"position":2},"title":"Jardin des Cyclades - Pochette Essentials Sleek","author":"Alexandra Emonts","date":"3 avril 2025","format":false,"excerpt":"Introducing the Jardin des Cyclades Essential Sleek Pouch, a luxury accessory that combines timeless Greek evil eye with Art Nouveau floral. This slim mini pouch adds a discreet touch of magic and protection to your life while helping you stay organised. Protection symbol : Inspired by the Greek Evil Eye\u2026","rel":"","context":"Article similaire","block_context":{"text":"Article similaire","link":""},"img":{"alt_text":"A sapphire blue velvet Essentials Sleek Pouch featuring an Art Nouveau floral design with a Greek Mati at the center.","src":"https:\/\/i0.wp.com\/edoaria.com\/wp-content\/uploads\/2025\/04\/sq20250331_130634-scaled.jpg?resize=350%2C200&ssl=1","width":350,"height":200,"srcset":"https:\/\/i0.wp.com\/edoaria.com\/wp-content\/uploads\/2025\/04\/sq20250331_130634-scaled.jpg?resize=350%2C200&ssl=1 1x, https:\/\/i0.wp.com\/edoaria.com\/wp-content\/uploads\/2025\/04\/sq20250331_130634-scaled.jpg?resize=525%2C300&ssl=1 1.5x, https:\/\/i0.wp.com\/edoaria.com\/wp-content\/uploads\/2025\/04\/sq20250331_130634-scaled.jpg?resize=700%2C400&ssl=1 2x, https:\/\/i0.wp.com\/edoaria.com\/wp-content\/uploads\/2025\/04\/sq20250331_130634-scaled.jpg?resize=1050%2C600&ssl=1 3x, https:\/\/i0.wp.com\/edoaria.com\/wp-content\/uploads\/2025\/04\/sq20250331_130634-scaled.jpg?resize=1400%2C800&ssl=1 4x"},"classes":[]},{"id":4342,"url":"https:\/\/edoaria.com\/fr\/shop\/jardin-des-cyclades-signature-sleek-pouch\/","url_meta":{"origin":3699,"position":3},"title":"Jardin des Cyclades - Pochette Signature Sleek","author":"Alexandra Emonts","date":"3 avril 2025","format":false,"excerpt":"Introducing the Jardin des Cyclades Signature Sleek Pouch, a luxury accessory that combines endless everyday uses with timeless Greek beauty, protection and Belgian Art Nouveau. Inspired by the floral details from Belgian Art Nouveau architecture, this piece also adds a discreet and elegant touch of protection with a beautiful evil\u2026","rel":"","context":"Article similaire","block_context":{"text":"Article similaire","link":""},"img":{"alt_text":"A sapphire blue velvet Signature Sleek Pouch with intricate Arabesque and protective Evil Eye embroidery.","src":"https:\/\/i0.wp.com\/edoaria.com\/wp-content\/uploads\/2025\/04\/sq20250331_131351-scaled.jpg?resize=350%2C200&ssl=1","width":350,"height":200,"srcset":"https:\/\/i0.wp.com\/edoaria.com\/wp-content\/uploads\/2025\/04\/sq20250331_131351-scaled.jpg?resize=350%2C200&ssl=1 1x, https:\/\/i0.wp.com\/edoaria.com\/wp-content\/uploads\/2025\/04\/sq20250331_131351-scaled.jpg?resize=525%2C300&ssl=1 1.5x, https:\/\/i0.wp.com\/edoaria.com\/wp-content\/uploads\/2025\/04\/sq20250331_131351-scaled.jpg?resize=700%2C400&ssl=1 2x, https:\/\/i0.wp.com\/edoaria.com\/wp-content\/uploads\/2025\/04\/sq20250331_131351-scaled.jpg?resize=1050%2C600&ssl=1 3x, https:\/\/i0.wp.com\/edoaria.com\/wp-content\/uploads\/2025\/04\/sq20250331_131351-scaled.jpg?resize=1400%2C800&ssl=1 4x"},"classes":[]},{"id":3979,"url":"https:\/\/edoaria.com\/fr\/shop\/rouge-amour-grand-toiletry-bag\/","url_meta":{"origin":3699,"position":4},"title":"Rouge Amour - Grande Trousse de Toilette","author":"Alexandra Emonts","date":"27 janvier 2025","format":false,"excerpt":"Introducing the Rouge Amour Grand Toiletry Bag, a luxury accessory that combines timeless Greek evil eye with celestial beauty and sacred love. Inspired by the ancient protection symbols and the energies of the cosmos, this piece adds a discreet and elegant touch of magic and protection to your life. Protection\u2026","rel":"","context":"Article similaire","block_context":{"text":"Article similaire","link":""},"img":{"alt_text":"Front view of the Edoaria Rouge Amour Grand Toiletry Bag in soft pink velvet, embroidered with celestial hearts, stars, and moons in dusky pink, gold, and purple.","src":"https:\/\/i0.wp.com\/edoaria.com\/wp-content\/uploads\/2025\/01\/1.RougeAmour_Front-2-scaled.jpg?resize=350%2C200&ssl=1","width":350,"height":200,"srcset":"https:\/\/i0.wp.com\/edoaria.com\/wp-content\/uploads\/2025\/01\/1.RougeAmour_Front-2-scaled.jpg?resize=350%2C200&ssl=1 1x, https:\/\/i0.wp.com\/edoaria.com\/wp-content\/uploads\/2025\/01\/1.RougeAmour_Front-2-scaled.jpg?resize=525%2C300&ssl=1 1.5x, https:\/\/i0.wp.com\/edoaria.com\/wp-content\/uploads\/2025\/01\/1.RougeAmour_Front-2-scaled.jpg?resize=700%2C400&ssl=1 2x, https:\/\/i0.wp.com\/edoaria.com\/wp-content\/uploads\/2025\/01\/1.RougeAmour_Front-2-scaled.jpg?resize=1050%2C600&ssl=1 3x, https:\/\/i0.wp.com\/edoaria.com\/wp-content\/uploads\/2025\/01\/1.RougeAmour_Front-2-scaled.jpg?resize=1400%2C800&ssl=1 4x"},"classes":[]},{"id":3984,"url":"https:\/\/edoaria.com\/fr\/shop\/rouge-amour-essentials-sleek-pouch\/","url_meta":{"origin":3699,"position":5},"title":"Rouge Amour - Pochette Essentials Sleek","author":"Alexandra Emonts","date":"27 janvier 2025","format":false,"excerpt":"Introducing the Rouge Amour Essential Sleek Pouch, a luxury accessory that combines timeless Greek evil eye with love. This slim mini pouch adds a discreet touch of magic and protection to your life while helping you stay organised. Protection symbol : Inspired by the Greek Evil Eye for protection and\u2026","rel":"","context":"Article similaire","block_context":{"text":"Article similaire","link":""},"img":{"alt_text":"Front view of the Edoaria Rouge Amour Essentials Sleek Pouch in soft pink velvet, featuring celestial embroidery in deep red, dusky pink, gold, and purple.","src":"https:\/\/i0.wp.com\/edoaria.com\/wp-content\/uploads\/2025\/01\/1RougeAmour_Front-scaled.jpg?resize=350%2C200&ssl=1","width":350,"height":200,"srcset":"https:\/\/i0.wp.com\/edoaria.com\/wp-content\/uploads\/2025\/01\/1RougeAmour_Front-scaled.jpg?resize=350%2C200&ssl=1 1x, https:\/\/i0.wp.com\/edoaria.com\/wp-content\/uploads\/2025\/01\/1RougeAmour_Front-scaled.jpg?resize=525%2C300&ssl=1 1.5x, https:\/\/i0.wp.com\/edoaria.com\/wp-content\/uploads\/2025\/01\/1RougeAmour_Front-scaled.jpg?resize=700%2C400&ssl=1 2x, https:\/\/i0.wp.com\/edoaria.com\/wp-content\/uploads\/2025\/01\/1RougeAmour_Front-scaled.jpg?resize=1050%2C600&ssl=1 3x, https:\/\/i0.wp.com\/edoaria.com\/wp-content\/uploads\/2025\/01\/1RougeAmour_Front-scaled.jpg?resize=1400%2C800&ssl=1 4x"},"classes":[]}],"jetpack_sharing_enabled":true,"_links":{"self":[{"href":"https:\/\/edoaria.com\/fr\/wp-json\/wp\/v2\/product\/3699","targetHints":{"allow":["GET"]}}],"collection":[{"href":"https:\/\/edoaria.com\/fr\/wp-json\/wp\/v2\/product"}],"about":[{"href":"https:\/\/edoaria.com\/fr\/wp-json\/wp\/v2\/types\/product"}],"replies":[{"embeddable":true,"href":"https:\/\/edoaria.com\/fr\/wp-json\/wp\/v2\/comments?post=3699"}],"wp:featuredmedia":[{"embeddable":true,"href":"https:\/\/edoaria.com\/fr\/wp-json\/wp\/v2\/media\/4663"}],"wp:attachment":[{"href":"https:\/\/edoaria.com\/fr\/wp-json\/wp\/v2\/media?parent=3699"}],"wp:term":[{"taxonomy":"product_brand","embeddable":true,"href":"https:\/\/edoaria.com\/fr\/wp-json\/wp\/v2\/product_brand?post=3699"},{"taxonomy":"product_cat","embeddable":true,"href":"https:\/\/edoaria.com\/fr\/wp-json\/wp\/v2\/product_cat?post=3699"},{"taxonomy":"product_tag","embeddable":true,"href":"https:\/\/edoaria.com\/fr\/wp-json\/wp\/v2\/product_tag?post=3699"}],"curies":[{"name":"wp","href":"https:\/\/api.w.org\/{rel}","templated":true}]}}