{"id":3240,"date":"2024-11-27T15:01:20","date_gmt":"2024-11-27T14:01:20","guid":{"rendered":"https:\/\/edoaria.com\/?post_type=product&#038;p=3240"},"modified":"2026-04-08T15:55:30","modified_gmt":"2026-04-08T13:55:30","slug":"personalise-add-full-name-or-text","status":"publish","type":"product","link":"https:\/\/edoaria.com\/fr\/shop\/personalise-add-full-name-or-text\/","title":{"rendered":"Personnalisation : ajouter un pr\u00e9nom, un surnom ou un texte (\"Maman\")"},"content":{"rendered":"<p>Create a truly unique pouch or bag by adding a full name or a special word like &#8220;Mama&#8221; (up to 9-10 letters).<\/p>\n<div class=\"group\/conversation-turn relative flex w-full min-w-0 flex-col agent-turn\">\n<div class=\"flex-col gap-1 md:gap-3\">\n<div class=\"flex max-w-full flex-col flex-grow\">\n<div class=\"min-h-8 text-message flex w-full flex-col items-end gap-2 whitespace-normal break-words [.text-message+&amp;]:mt-5\" dir=\"auto\" data-message-author-role=\"assistant\" data-message-id=\"a1504e17-4fb7-4eeb-a075-73f8ef8351f9\" data-message-model-slug=\"gpt-4o-mini\">\n<div class=\"flex w-full flex-col gap-1 empty:hidden first:pt-[3px]\">\n<div class=\"markdown prose w-full break-words dark:prose-invert light\">\n<p><span style=\"font-family: var(--global-body-font-family);\">With this customisation, this personalised item becomes a one-of-a-kind accessory. Choose your preferred colour and make this piece even more luxurious.<\/span><\/p>\n<h5>SIZE &amp; POSITION<\/h5>\n<\/div>\n<\/div>\n<\/div>\n<\/div>\n<\/div>\n<\/div>\n<p>The Name or Text will appear on the back of your pouch or bag, in the middle, leaving the front side beautifully illustrated with our collection design (see the gallery for a visual representation of placement and size).<\/p>\n<p>The first letter will be upper-case and the others lower-cases in our beautiful signature font.<\/p>\n<p>The embroidery is offered in Gold (a colour carefully selected to complement any design you choose). Contact us if you would like a custom colour.<\/p>\n<h6>Signature Sleek Pouch<\/h6>\n<ul>\n<li>Sizing : Maximum length of the Name or Text will be around 16 cm. Height varies depending on the lower and upper cases.<\/li>\n<\/ul>\n<h6>Essentials Sleek Pouch<\/h6>\n<ul>\n<li>Sizing : Maximum length of the Name or Text will be around 8 cm. Height varies depending on the lower and upper cases.<\/li>\n<\/ul>\n<h6>Grand Toiletry Bag (show in gallery)<\/h6>\n<ul>\n<li>Sizing : Maximum length of the Name or Text will be around 18 cm. Height varies depending on the lower and upper cases.<\/li>\n<\/ul>\n<h6>Petite Makeup Bag<\/h6>\n<ul>\n<li>Sizing : Maximum length of the Name or Text will be around 12 cm. Height varies depending on the lower and upper cases.<\/li>\n<\/ul>\n<p>This subtle elegant personalised option makes your item unique and even more special. A gift they will cherish forever.<\/p>\n<div class=\"question\">\n<h5>HOW?<\/h5>\n<p>Enter your full name or text in the &#8220;Order Notes&#8221; field at checkout, and we&#8217;ll embroider it in Gold or Cream on the back of your pouch or bag, while the front remains beautifully adorned with our collection&#8217;s design.<\/p>\n<h5>NEED HELP?<\/h5>\n<\/div>\n<div class=\"answer\">\n<ul>\n<li>More examples and personalised items on our <a href=\"https:\/\/www.instagram.com\/edoariaofficial\/\">INSTAGRAM<\/a> &amp; <a href=\"https:\/\/www.facebook.com\/edoariaofficial\/\">FACEBOOK<\/a> pages<\/li>\n<li>Follow our step-by-step guide <a href=\"https:\/\/edoaria.com\/personalised-items\/\">HERE<\/a><\/li>\n<li>Our FAQs on personalised products can be found <a href=\"https:\/\/edoaria.com\/personalised-items\/#FAQ-personalisation\">HERE<\/a><\/li>\n<li>If you\u2019re not able to find the answer you\u2019re looking for here, please do get in touch <strong>before placing your order <\/strong>by following this link &#8211; <a href=\"https:\/\/edoaria.com\/contact\/\">Contact Us.<\/a><\/li>\n<\/ul>\n<p><em>Please note, as personalised items are custom-made, they are non-returnable unless faulty. Orders take an extra 1- 3 days to be proceed as we work on each item with love and care.<\/em><\/p>\n<p>&nbsp;<\/p>\n<\/div>\n<p>&nbsp;<\/p>\n","protected":false},"excerpt":{"rendered":"<p>Ajoutez un texte ou un nom personnalis\u00e9 au dos de votre sac Edoaria. Ajoutez cet article \u00e0 votre panier et \u00e9crivez votre texte personnalis\u00e9 dans le champ \"Notes de commande\" lors de la validation de votre commande.<\/p>","protected":false},"featured_media":4670,"comment_status":"open","ping_status":"closed","template":"","meta":{"_kadence_starter_templates_imported_post":false,"_kad_post_transparent":"default","_kad_post_title":"","_kad_post_layout":"default","_kad_post_sidebar_id":"","_kad_post_content_style":"default","_kad_post_vertical_padding":"default","_kad_post_feature":"","_kad_post_feature_position":"","_kad_post_header":false,"_kad_post_footer":false,"jetpack_post_was_ever_published":false,"jetpack_publicize_message":"","jetpack_publicize_feature_enabled":true,"jetpack_social_post_already_shared":false,"jetpack_social_options":{"image_generator_settings":{"template":"highway","default_image_id":0,"font":"","enabled":false},"version":2}},"product_brand":[],"product_cat":[102,106,99,108,231],"product_tag":[],"class_list":{"0":"post-3240","1":"product","2":"type-product","3":"status-publish","4":"has-post-thumbnail","6":"product_cat-beauty-gifts","7":"product_cat-bridal-gifts","8":"product_cat-mum-gifts","9":"product_cat-gifts-under-25","10":"product_cat-personalise","12":"first","13":"instock","14":"featured","15":"purchasable","16":"product-type-simple","17":"entry","18":"content-bg","19":"loop-entry"},"jetpack_publicize_connections":[],"jetpack-related-posts":[{"id":3699,"url":"https:\/\/edoaria.com\/fr\/shop\/personalise-grand-duo-monogram\/","url_meta":{"origin":3240,"position":0},"title":"Personnalisation : Monogramme Grand Duo","author":"Alexandra Emonts","date":"20 d\u00e9cembre 2024","format":false,"excerpt":"Personnalisez votre pochette Edoaria avec deux initiales \u00e9l\u00e9gamment reli\u00e9es par un beau symbole \u201c &amp; \u201d. Elles appara\u00eetront au dos de l'article.","rel":"","context":"Article similaire","block_context":{"text":"Article similaire","link":""},"img":{"alt_text":"Petite makeup bags with Grand Duo monogram in aqua, personalized pouch","src":"https:\/\/i0.wp.com\/edoaria.com\/wp-content\/uploads\/2026\/04\/Personalise_Duo_monogram_Aqua_Makeup_SQ-scaled.jpg?resize=350%2C200&ssl=1","width":350,"height":200,"srcset":"https:\/\/i0.wp.com\/edoaria.com\/wp-content\/uploads\/2026\/04\/Personalise_Duo_monogram_Aqua_Makeup_SQ-scaled.jpg?resize=350%2C200&ssl=1 1x, https:\/\/i0.wp.com\/edoaria.com\/wp-content\/uploads\/2026\/04\/Personalise_Duo_monogram_Aqua_Makeup_SQ-scaled.jpg?resize=525%2C300&ssl=1 1.5x, https:\/\/i0.wp.com\/edoaria.com\/wp-content\/uploads\/2026\/04\/Personalise_Duo_monogram_Aqua_Makeup_SQ-scaled.jpg?resize=700%2C400&ssl=1 2x, https:\/\/i0.wp.com\/edoaria.com\/wp-content\/uploads\/2026\/04\/Personalise_Duo_monogram_Aqua_Makeup_SQ-scaled.jpg?resize=1050%2C600&ssl=1 3x, https:\/\/i0.wp.com\/edoaria.com\/wp-content\/uploads\/2026\/04\/Personalise_Duo_monogram_Aqua_Makeup_SQ-scaled.jpg?resize=1400%2C800&ssl=1 4x"},"classes":[]},{"id":3209,"url":"https:\/\/edoaria.com\/fr\/shop\/personalise-initials\/","url_meta":{"origin":3240,"position":1},"title":"Personnaliser : Initiales","author":"Alexandra Emonts","date":"27 novembre 2024","format":false,"excerpt":"Personnalisez votre pochette Edoaria avec 2 ou 3 initiales \u00e9l\u00e9gamment brod\u00e9es en or. Elles appara\u00eetront au dos de l'article.","rel":"","context":"Article similaire","block_context":{"text":"Article similaire","link":""},"img":{"alt_text":"Edoaria smallest pouch from the Jardin des Cyclades collection personnalised with name in gold and red embroidery","src":"https:\/\/i0.wp.com\/edoaria.com\/wp-content\/uploads\/2026\/04\/Personalise_initials_blue_essentials_flatlay-scaled.jpg?resize=350%2C200&ssl=1","width":350,"height":200,"srcset":"https:\/\/i0.wp.com\/edoaria.com\/wp-content\/uploads\/2026\/04\/Personalise_initials_blue_essentials_flatlay-scaled.jpg?resize=350%2C200&ssl=1 1x, https:\/\/i0.wp.com\/edoaria.com\/wp-content\/uploads\/2026\/04\/Personalise_initials_blue_essentials_flatlay-scaled.jpg?resize=525%2C300&ssl=1 1.5x, https:\/\/i0.wp.com\/edoaria.com\/wp-content\/uploads\/2026\/04\/Personalise_initials_blue_essentials_flatlay-scaled.jpg?resize=700%2C400&ssl=1 2x, https:\/\/i0.wp.com\/edoaria.com\/wp-content\/uploads\/2026\/04\/Personalise_initials_blue_essentials_flatlay-scaled.jpg?resize=1050%2C600&ssl=1 3x, https:\/\/i0.wp.com\/edoaria.com\/wp-content\/uploads\/2026\/04\/Personalise_initials_blue_essentials_flatlay-scaled.jpg?resize=1400%2C800&ssl=1 4x"},"classes":[]},{"id":4531,"url":"https:\/\/edoaria.com\/fr\/shop\/ciel-des-reves-alphabet-grand-toiletry-bag-2\/","url_meta":{"origin":3240,"position":2},"title":"Ciel des R\u00eaves (Alphabet) - Grande trousse de toilette - Pierre de lune","author":"Alexandra Emonts","date":"7 f\u00e9vrier 2026","format":false,"excerpt":"La trousse de toilette Alphabet Grand de Ciel des R\u00eaves est une luxueuse fusion d'\u00e9l\u00e9gance c\u00e9leste et de design pratique, inspir\u00e9e par la magie du ciel nocturne et l'h\u00e9ritage de la Gr\u00e8ce antique. Fabriqu\u00e9e dans le velours le plus doux, cette trousse de toilette est orn\u00e9e de d\u00e9licates broderies repr\u00e9sentant des lunes radieuses, des \u00e9toiles scintillantes, des constellations...","rel":"","context":"Article similaire","block_context":{"text":"Article similaire","link":""},"img":{"alt_text":"Beige Moonstone velvet pouch with gold and blue moon, stars, and evil eye embroidery, part of the Ciel des R\u00eaves collection by Edoaria, limited-edition prototype toiletry bag. Letter \"S\"","src":"https:\/\/i0.wp.com\/edoaria.com\/wp-content\/uploads\/2026\/02\/20260206_135813SQ-scaled.jpg?resize=350%2C200&ssl=1","width":350,"height":200,"srcset":"https:\/\/i0.wp.com\/edoaria.com\/wp-content\/uploads\/2026\/02\/20260206_135813SQ-scaled.jpg?resize=350%2C200&ssl=1 1x, https:\/\/i0.wp.com\/edoaria.com\/wp-content\/uploads\/2026\/02\/20260206_135813SQ-scaled.jpg?resize=525%2C300&ssl=1 1.5x, https:\/\/i0.wp.com\/edoaria.com\/wp-content\/uploads\/2026\/02\/20260206_135813SQ-scaled.jpg?resize=700%2C400&ssl=1 2x, https:\/\/i0.wp.com\/edoaria.com\/wp-content\/uploads\/2026\/02\/20260206_135813SQ-scaled.jpg?resize=1050%2C600&ssl=1 3x, https:\/\/i0.wp.com\/edoaria.com\/wp-content\/uploads\/2026\/02\/20260206_135813SQ-scaled.jpg?resize=1400%2C800&ssl=1 4x"},"classes":[]},{"id":3922,"url":"https:\/\/edoaria.com\/fr\/shop\/ciel-des-reves-alphabet-grand-toiletry-bag\/","url_meta":{"origin":3240,"position":3},"title":"Ciel des R\u00eaves (Alphabet) - Grande Trousse de Toilette - Aqua Marine","author":"Alexandra Emonts","date":"13 janvier 2025","format":false,"excerpt":"La trousse de toilette Alphabet Grand de Ciel des R\u00eaves est une luxueuse fusion d'\u00e9l\u00e9gance c\u00e9leste et de design pratique, inspir\u00e9e par la magie du ciel nocturne et l'h\u00e9ritage de la Gr\u00e8ce antique. Fabriqu\u00e9e dans le velours le plus doux, cette trousse de toilette est orn\u00e9e de d\u00e9licates broderies repr\u00e9sentant des lunes radieuses, des \u00e9toiles scintillantes, des constellations...","rel":"","context":"Article similaire","block_context":{"text":"Article similaire","link":""},"img":{"alt_text":"Aqua Marine Teal velvet pouch with gold, cream and blue moon, stars, and evil eye embroidery, part of the Ciel des R\u00eaves collection by Edoaria, limited-edition prototype toiletry bag.","src":"https:\/\/i0.wp.com\/edoaria.com\/wp-content\/uploads\/2025\/01\/20260206_135422SQ-scaled.jpg?resize=350%2C200&ssl=1","width":350,"height":200,"srcset":"https:\/\/i0.wp.com\/edoaria.com\/wp-content\/uploads\/2025\/01\/20260206_135422SQ-scaled.jpg?resize=350%2C200&ssl=1 1x, https:\/\/i0.wp.com\/edoaria.com\/wp-content\/uploads\/2025\/01\/20260206_135422SQ-scaled.jpg?resize=525%2C300&ssl=1 1.5x, https:\/\/i0.wp.com\/edoaria.com\/wp-content\/uploads\/2025\/01\/20260206_135422SQ-scaled.jpg?resize=700%2C400&ssl=1 2x, https:\/\/i0.wp.com\/edoaria.com\/wp-content\/uploads\/2025\/01\/20260206_135422SQ-scaled.jpg?resize=1050%2C600&ssl=1 3x, https:\/\/i0.wp.com\/edoaria.com\/wp-content\/uploads\/2025\/01\/20260206_135422SQ-scaled.jpg?resize=1400%2C800&ssl=1 4x"},"classes":[]},{"id":4340,"url":"https:\/\/edoaria.com\/fr\/shop\/jardin-des-cyclades-essentials-sleek-pouch\/","url_meta":{"origin":3240,"position":4},"title":"Jardin des Cyclades - Pochette Essentials Sleek","author":"Alexandra Emonts","date":"3 avril 2025","format":false,"excerpt":"Introducing the Jardin des Cyclades Essential Sleek Pouch, a luxury accessory that combines timeless Greek evil eye with Art Nouveau floral. This slim mini pouch adds a discreet touch of magic and protection to your life while helping you stay organised. Protection symbol : Inspired by the Greek Evil Eye\u2026","rel":"","context":"Article similaire","block_context":{"text":"Article similaire","link":""},"img":{"alt_text":"A sapphire blue velvet Essentials Sleek Pouch featuring an Art Nouveau floral design with a Greek Mati at the center.","src":"https:\/\/i0.wp.com\/edoaria.com\/wp-content\/uploads\/2025\/04\/sq20250331_130634-scaled.jpg?resize=350%2C200&ssl=1","width":350,"height":200,"srcset":"https:\/\/i0.wp.com\/edoaria.com\/wp-content\/uploads\/2025\/04\/sq20250331_130634-scaled.jpg?resize=350%2C200&ssl=1 1x, https:\/\/i0.wp.com\/edoaria.com\/wp-content\/uploads\/2025\/04\/sq20250331_130634-scaled.jpg?resize=525%2C300&ssl=1 1.5x, https:\/\/i0.wp.com\/edoaria.com\/wp-content\/uploads\/2025\/04\/sq20250331_130634-scaled.jpg?resize=700%2C400&ssl=1 2x, https:\/\/i0.wp.com\/edoaria.com\/wp-content\/uploads\/2025\/04\/sq20250331_130634-scaled.jpg?resize=1050%2C600&ssl=1 3x, https:\/\/i0.wp.com\/edoaria.com\/wp-content\/uploads\/2025\/04\/sq20250331_130634-scaled.jpg?resize=1400%2C800&ssl=1 4x"},"classes":[]},{"id":3983,"url":"https:\/\/edoaria.com\/fr\/shop\/rouge-amour-signature-sleek-pouch\/","url_meta":{"origin":3240,"position":5},"title":"Rouge Amour - Pochette Signature Sleek","author":"Alexandra Emonts","date":"27 janvier 2025","format":false,"excerpt":"Introducing the Rouge Amour Signature Sleek Pouch, a luxury accessory that combines endless everyday uses with timeless celestial beauty, protection and enchanted heart. Inspired by the ancient protection symbols and the energies of the cosmos, this piece adds a discreet and elegant touch of love and protection to your life.\u2026","rel":"","context":"Article similaire","block_context":{"text":"Article similaire","link":""},"img":{"alt_text":"Front view of the Edoaria Rouge Amour Signature Sleek Pouch in soft pink velvet, embroidered with celestial love symbols in deep red, dusky pink, gold, and purple.","src":"https:\/\/i0.wp.com\/edoaria.com\/wp-content\/uploads\/2025\/01\/1.RougeAmour_Front2-scaled.jpg?resize=350%2C200&ssl=1","width":350,"height":200,"srcset":"https:\/\/i0.wp.com\/edoaria.com\/wp-content\/uploads\/2025\/01\/1.RougeAmour_Front2-scaled.jpg?resize=350%2C200&ssl=1 1x, https:\/\/i0.wp.com\/edoaria.com\/wp-content\/uploads\/2025\/01\/1.RougeAmour_Front2-scaled.jpg?resize=525%2C300&ssl=1 1.5x, https:\/\/i0.wp.com\/edoaria.com\/wp-content\/uploads\/2025\/01\/1.RougeAmour_Front2-scaled.jpg?resize=700%2C400&ssl=1 2x, https:\/\/i0.wp.com\/edoaria.com\/wp-content\/uploads\/2025\/01\/1.RougeAmour_Front2-scaled.jpg?resize=1050%2C600&ssl=1 3x, https:\/\/i0.wp.com\/edoaria.com\/wp-content\/uploads\/2025\/01\/1.RougeAmour_Front2-scaled.jpg?resize=1400%2C800&ssl=1 4x"},"classes":[]}],"jetpack_sharing_enabled":true,"_links":{"self":[{"href":"https:\/\/edoaria.com\/fr\/wp-json\/wp\/v2\/product\/3240","targetHints":{"allow":["GET"]}}],"collection":[{"href":"https:\/\/edoaria.com\/fr\/wp-json\/wp\/v2\/product"}],"about":[{"href":"https:\/\/edoaria.com\/fr\/wp-json\/wp\/v2\/types\/product"}],"replies":[{"embeddable":true,"href":"https:\/\/edoaria.com\/fr\/wp-json\/wp\/v2\/comments?post=3240"}],"wp:featuredmedia":[{"embeddable":true,"href":"https:\/\/edoaria.com\/fr\/wp-json\/wp\/v2\/media\/4670"}],"wp:attachment":[{"href":"https:\/\/edoaria.com\/fr\/wp-json\/wp\/v2\/media?parent=3240"}],"wp:term":[{"taxonomy":"product_brand","embeddable":true,"href":"https:\/\/edoaria.com\/fr\/wp-json\/wp\/v2\/product_brand?post=3240"},{"taxonomy":"product_cat","embeddable":true,"href":"https:\/\/edoaria.com\/fr\/wp-json\/wp\/v2\/product_cat?post=3240"},{"taxonomy":"product_tag","embeddable":true,"href":"https:\/\/edoaria.com\/fr\/wp-json\/wp\/v2\/product_tag?post=3240"}],"curies":[{"name":"wp","href":"https:\/\/api.w.org\/{rel}","templated":true}]}}