{"id":3179,"date":"2024-11-27T12:54:16","date_gmt":"2024-11-27T11:54:16","guid":{"rendered":"https:\/\/edoaria.com\/?post_type=product&#038;p=3179"},"modified":"2026-04-08T16:41:31","modified_gmt":"2026-04-08T14:41:31","slug":"ciel-des-reves-petite-makeup-bag","status":"publish","type":"product","link":"https:\/\/edoaria.com\/fr\/shop\/ciel-des-reves-petite-makeup-bag\/","title":{"rendered":"Ciel des R\u00eaves - Petite trousse de maquillage - Moonstone"},"content":{"rendered":"<p>Les <strong>Petite trousse de maquillage Ciel des R\u00eaves<\/strong> est un m\u00e9lange luxueux de praticit\u00e9 quotidienne compacte et d'\u00e9l\u00e9gance c\u00e9leste.<\/p>\n<p>Confectionn\u00e9 dans le velours le plus doux qui soit, ce <strong>Petite trousse de maquillage <\/strong>est orn\u00e9 d'une d\u00e9licate broderie repr\u00e9sentant une belle lune soutenant le mauvais \u0153il protecteur, des pendentifs d'\u00e9toiles scintillantes et des constellations filantes. Chaque d\u00e9tail s'inspire de la magie du ciel nocturne et de l'h\u00e9ritage de la Gr\u00e8ce antique. Disponible en\u00a0<strong>Aqua Marine Teal\u00a0<\/strong>(notre nouvelle couleur) ou\u00a0<strong>Beige pierre de lune.<\/strong><\/p>\n<p>Con\u00e7u pour \u00eatre polyvalent, c'est le sac de voyage id\u00e9al pour organiser vos produits de soin, de beaut\u00e9, de maquillage ou vos accessoires polyvalents.<\/p>\n<ul>\n<li><strong>Le luxe durable :\u00a0<\/strong>Fabriqu\u00e9 en velours doux de haute qualit\u00e9, 100% mat\u00e9riaux recycl\u00e9s.<\/li>\n<li><strong>L'\u00e9nergie lunaire : <\/strong>Emportez avec vous un morceau de l'\u00e9nergie puissante de la lune et de la protection grecque ancienne partout o\u00f9 vous allez.<\/li>\n<li><strong>Compacte Pratique :<\/strong> Id\u00e9al pour les voyages ou la maison, il offre un espace pour le maquillage, les soins de la peau ou les articles polyvalents.<\/li>\n<li><strong>Design made in Belgium :<\/strong>Illustr\u00e9 \u00e0 la main et traduit en broderie d\u00e9licate.<\/li>\n<\/ul>\n<p>Que vous soyez \u00e0 bord d'un avion ou que vous profitiez du confort de votre maison, la <strong>Petite trousse de maquillage Ciel des R\u00eaves <\/strong>apporte \u00e0 votre collection d'accessoires un sentiment de s\u00e9r\u00e9nit\u00e9 au clair de lune, un luxe raffin\u00e9 et le charme protecteur du mauvais \u0153il.<br \/>\nParfait pour :<\/p>\n<ul>\n<li><strong>Maquillage et soins de la peau<\/strong> : Organisez vos produits pr\u00e9f\u00e9r\u00e9s.<\/li>\n<li><strong>Compagnon de voyage<\/strong> : Id\u00e9al pour emporter tous vos accessoires de voyage o\u00f9 que vous soyez.<\/li>\n<li><strong>Broderie personnalis\u00e9e<\/strong> : Ajoutez la personnalisation pour le rendre vraiment unique.<\/li>\n<\/ul>\n<p>Chez Edoaria, nous cr\u00e9ons bien plus que des accessoires : nous cr\u00e9ons des tr\u00e9sors qui ont une raison d'\u00eatre. Chaque achat contribue \u00e0 la conservation des oc\u00e9ans, 2% des b\u00e9n\u00e9fices \u00e9tant consacr\u00e9s \u00e0 la protection de la faune et de la flore marines, ce qui vous permet d'avoir un impact significatif avec chaque pi\u00e8ce que vous poss\u00e9dez.<\/p>\n<p><strong>Acheter<\/strong> pour ajouter une touche d'\u00e9l\u00e9gance c\u00e9leste \u00e0 votre collection - disponible uniquement en quantit\u00e9s limit\u00e9es !<\/p>\n<h6>Besoin d'aide ?<\/h6>\n<p>Nos FAQ sont disponibles\u00a0<a href=\"https:\/\/edoaria.com\/fr\/faq\/\">ICI<\/a><br \/>\nSi vous ne trouvez pas la r\u00e9ponse que vous cherchez ici, n'h\u00e9sitez pas \u00e0 nous contacter en suivant ce lien - <a href=\"https:\/\/edoaria.com\/fr\/contact\/\">Formulaire de contact<\/a>.<\/p>","protected":false},"excerpt":{"rendered":"<p>La Petite Trousse de Maquillage Ciel des R\u00eaves est un luxueux m\u00e9lange de praticit\u00e9 quotidienne et d'\u00e9l\u00e9gance c\u00e9leste. Fabriqu\u00e9e dans le velours le plus doux, cette Petite Trousse de Maquillage est orn\u00e9e d'une d\u00e9licate broderie repr\u00e9sentant une belle lune soutenant le mauvais \u0153il protecteur, des pendentifs d'\u00e9toiles scintillantes et des constellations filantes. Chaque d\u00e9tail s'inspire de la magie de...<\/p>","protected":false},"featured_media":4623,"comment_status":"open","ping_status":"closed","template":"","meta":{"_kadence_starter_templates_imported_post":false,"_kad_post_transparent":"default","_kad_post_title":"","_kad_post_layout":"default","_kad_post_sidebar_id":"","_kad_post_content_style":"default","_kad_post_vertical_padding":"default","_kad_post_feature":"","_kad_post_feature_position":"","_kad_post_header":false,"_kad_post_footer":false,"jetpack_post_was_ever_published":false,"jetpack_publicize_message":"","jetpack_publicize_feature_enabled":true,"jetpack_social_post_already_shared":false,"jetpack_social_options":{"image_generator_settings":{"template":"highway","default_image_id":0,"font":"","enabled":false},"version":2}},"product_brand":[],"product_cat":[93,101,102,106,99,110,147],"product_tag":[148],"class_list":{"0":"post-3179","1":"product","2":"type-product","3":"status-publish","4":"has-post-thumbnail","6":"product_cat-accessories","7":"product_cat-ciel-des-reves-alphabet-collection","8":"product_cat-beauty-gifts","9":"product_cat-bridal-gifts","10":"product_cat-mum-gifts","11":"product_cat-gifts-under-50","12":"product_cat-petite-makeup-bag","13":"product_tag-personalise","15":"first","16":"instock","17":"featured","18":"purchasable","19":"product-type-simple","20":"entry","21":"content-bg","22":"loop-entry"},"jetpack_publicize_connections":[],"jetpack-related-posts":[{"id":4614,"url":"https:\/\/edoaria.com\/fr\/shop\/ciel-des-reves-petite-makeup-bag-aqua-marine\/","url_meta":{"origin":3179,"position":0},"title":"Ciel des R\u00eaves - Petite trousse de maquillage - Aqua Marine","author":"Alexandra Emonts","date":"7 f\u00e9vrier 2026","format":false,"excerpt":"The Ciel des R\u00eaves Petite Makeup Bag is a luxurious blend of compact everyday practicality and celestial elegance. Crafted from the softest velvet, this Petite Makeup Bag is adorned with delicate embroidery of a beautiful moon supporting the protection evil eye, shimmering star pendants and shooting constellations. Each detail is\u2026","rel":"","context":"Article similaire","block_context":{"text":"Article similaire","link":""},"img":{"alt_text":"Front view of the Ciel des R\u00eaves Petite Makeup Bag in Aqua Marine teal velvet, featuring moon, stars, and evil eye embroidery in blue, gold, and cream.","src":"https:\/\/i0.wp.com\/edoaria.com\/wp-content\/uploads\/2026\/02\/20260206_140604SQ-scaled.jpg?resize=350%2C200&ssl=1","width":350,"height":200,"srcset":"https:\/\/i0.wp.com\/edoaria.com\/wp-content\/uploads\/2026\/02\/20260206_140604SQ-scaled.jpg?resize=350%2C200&ssl=1 1x, https:\/\/i0.wp.com\/edoaria.com\/wp-content\/uploads\/2026\/02\/20260206_140604SQ-scaled.jpg?resize=525%2C300&ssl=1 1.5x, https:\/\/i0.wp.com\/edoaria.com\/wp-content\/uploads\/2026\/02\/20260206_140604SQ-scaled.jpg?resize=700%2C400&ssl=1 2x, https:\/\/i0.wp.com\/edoaria.com\/wp-content\/uploads\/2026\/02\/20260206_140604SQ-scaled.jpg?resize=1050%2C600&ssl=1 3x, https:\/\/i0.wp.com\/edoaria.com\/wp-content\/uploads\/2026\/02\/20260206_140604SQ-scaled.jpg?resize=1400%2C800&ssl=1 4x"},"classes":[]},{"id":4531,"url":"https:\/\/edoaria.com\/fr\/shop\/ciel-des-reves-alphabet-grand-toiletry-bag-2\/","url_meta":{"origin":3179,"position":1},"title":"Ciel des R\u00eaves (Alphabet) - Grande trousse de toilette - Pierre de lune","author":"Alexandra Emonts","date":"7 f\u00e9vrier 2026","format":false,"excerpt":"La trousse de toilette Alphabet Grand de Ciel des R\u00eaves est une luxueuse fusion d'\u00e9l\u00e9gance c\u00e9leste et de design pratique, inspir\u00e9e par la magie du ciel nocturne et l'h\u00e9ritage de la Gr\u00e8ce antique. Fabriqu\u00e9e dans le velours le plus doux, cette trousse de toilette est orn\u00e9e de d\u00e9licates broderies repr\u00e9sentant des lunes radieuses, des \u00e9toiles scintillantes, des constellations...","rel":"","context":"Article similaire","block_context":{"text":"Article similaire","link":""},"img":{"alt_text":"Beige Moonstone velvet pouch with gold and blue moon, stars, and evil eye embroidery, part of the Ciel des R\u00eaves collection by Edoaria, limited-edition prototype toiletry bag. Letter \"S\"","src":"https:\/\/i0.wp.com\/edoaria.com\/wp-content\/uploads\/2026\/02\/20260206_135813SQ-scaled.jpg?resize=350%2C200&ssl=1","width":350,"height":200,"srcset":"https:\/\/i0.wp.com\/edoaria.com\/wp-content\/uploads\/2026\/02\/20260206_135813SQ-scaled.jpg?resize=350%2C200&ssl=1 1x, https:\/\/i0.wp.com\/edoaria.com\/wp-content\/uploads\/2026\/02\/20260206_135813SQ-scaled.jpg?resize=525%2C300&ssl=1 1.5x, https:\/\/i0.wp.com\/edoaria.com\/wp-content\/uploads\/2026\/02\/20260206_135813SQ-scaled.jpg?resize=700%2C400&ssl=1 2x, https:\/\/i0.wp.com\/edoaria.com\/wp-content\/uploads\/2026\/02\/20260206_135813SQ-scaled.jpg?resize=1050%2C600&ssl=1 3x, https:\/\/i0.wp.com\/edoaria.com\/wp-content\/uploads\/2026\/02\/20260206_135813SQ-scaled.jpg?resize=1400%2C800&ssl=1 4x"},"classes":[]},{"id":3922,"url":"https:\/\/edoaria.com\/fr\/shop\/ciel-des-reves-alphabet-grand-toiletry-bag\/","url_meta":{"origin":3179,"position":2},"title":"Ciel des R\u00eaves (Alphabet) - Grande Trousse de Toilette - Aqua Marine","author":"Alexandra Emonts","date":"13 janvier 2025","format":false,"excerpt":"La trousse de toilette Alphabet Grand de Ciel des R\u00eaves est une luxueuse fusion d'\u00e9l\u00e9gance c\u00e9leste et de design pratique, inspir\u00e9e par la magie du ciel nocturne et l'h\u00e9ritage de la Gr\u00e8ce antique. Fabriqu\u00e9e dans le velours le plus doux, cette trousse de toilette est orn\u00e9e de d\u00e9licates broderies repr\u00e9sentant des lunes radieuses, des \u00e9toiles scintillantes, des constellations...","rel":"","context":"Article similaire","block_context":{"text":"Article similaire","link":""},"img":{"alt_text":"Aqua Marine Teal velvet pouch with gold, cream and blue moon, stars, and evil eye embroidery, part of the Ciel des R\u00eaves collection by Edoaria, limited-edition prototype toiletry bag.","src":"https:\/\/i0.wp.com\/edoaria.com\/wp-content\/uploads\/2025\/01\/20260206_135422SQ-scaled.jpg?resize=350%2C200&ssl=1","width":350,"height":200,"srcset":"https:\/\/i0.wp.com\/edoaria.com\/wp-content\/uploads\/2025\/01\/20260206_135422SQ-scaled.jpg?resize=350%2C200&ssl=1 1x, https:\/\/i0.wp.com\/edoaria.com\/wp-content\/uploads\/2025\/01\/20260206_135422SQ-scaled.jpg?resize=525%2C300&ssl=1 1.5x, https:\/\/i0.wp.com\/edoaria.com\/wp-content\/uploads\/2025\/01\/20260206_135422SQ-scaled.jpg?resize=700%2C400&ssl=1 2x, https:\/\/i0.wp.com\/edoaria.com\/wp-content\/uploads\/2025\/01\/20260206_135422SQ-scaled.jpg?resize=1050%2C600&ssl=1 3x, https:\/\/i0.wp.com\/edoaria.com\/wp-content\/uploads\/2025\/01\/20260206_135422SQ-scaled.jpg?resize=1400%2C800&ssl=1 4x"},"classes":[]},{"id":4343,"url":"https:\/\/edoaria.com\/fr\/shop\/jardin-des-cyclades-petite-makeup-bag\/","url_meta":{"origin":3179,"position":3},"title":"Jardin des Cyclades - Petite trousse de maquillage","author":"Alexandra Emonts","date":"3 avril 2025","format":false,"excerpt":"Voici la Petite Trousse de Maquillage du Jardin des Cyclades, un accessoire de luxe qui allie symbole de protection et Art Nouveau belge. Inspir\u00e9e par le mauvais \u0153il grec et la beaut\u00e9 des fleurs, cette pi\u00e8ce ajoute une touche discr\u00e8te et \u00e9l\u00e9gante de magie et de protection \u00e0 votre vie. Symbole de protection : Inspir\u00e9 par...","rel":"","context":"Article similaire","block_context":{"text":"Article similaire","link":""},"img":{"alt_text":"A Petite Makeup Bag in deep sapphire blue velvet with intricate Arabesque and Greek Mati embroidery, set against an ancient Greek temple floor.","src":"https:\/\/i0.wp.com\/edoaria.com\/wp-content\/uploads\/2025\/04\/sq20250331_130816-scaled.jpg?resize=350%2C200&ssl=1","width":350,"height":200,"srcset":"https:\/\/i0.wp.com\/edoaria.com\/wp-content\/uploads\/2025\/04\/sq20250331_130816-scaled.jpg?resize=350%2C200&ssl=1 1x, https:\/\/i0.wp.com\/edoaria.com\/wp-content\/uploads\/2025\/04\/sq20250331_130816-scaled.jpg?resize=525%2C300&ssl=1 1.5x, https:\/\/i0.wp.com\/edoaria.com\/wp-content\/uploads\/2025\/04\/sq20250331_130816-scaled.jpg?resize=700%2C400&ssl=1 2x, https:\/\/i0.wp.com\/edoaria.com\/wp-content\/uploads\/2025\/04\/sq20250331_130816-scaled.jpg?resize=1050%2C600&ssl=1 3x, https:\/\/i0.wp.com\/edoaria.com\/wp-content\/uploads\/2025\/04\/sq20250331_130816-scaled.jpg?resize=1400%2C800&ssl=1 4x"},"classes":[]},{"id":3982,"url":"https:\/\/edoaria.com\/fr\/shop\/rouge-amour-petite-makeup-bag\/","url_meta":{"origin":3179,"position":4},"title":"Rouge Amour - Petite trousse de maquillage","author":"Alexandra Emonts","date":"27 janvier 2025","format":false,"excerpt":"La Petite Trousse de Maquillage Rouge Amour est un accessoire de luxe qui associe le symbole de protection \u00e0 la beaut\u00e9 c\u00e9leste et \u00e0 l'amour sacr\u00e9. Inspir\u00e9e par le mauvais \u0153il grec et le pouvoir de l'amour, cette pi\u00e8ce ajoute une touche discr\u00e8te et \u00e9l\u00e9gante de magie et de protection \u00e0 votre vie. Symbole de protection : Inspir\u00e9...","rel":"","context":"Article similaire","block_context":{"text":"Article similaire","link":""},"img":{"alt_text":"Front view of the Edoaria Rouge Amour Petite Makeup Bag in soft pink velvet, featuring celestial hearts, stars, and moon embroidery in romantic hues.","src":"https:\/\/i0.wp.com\/edoaria.com\/wp-content\/uploads\/2025\/01\/1.RougeAmour_Front-1-scaled.jpg?resize=350%2C200&ssl=1","width":350,"height":200,"srcset":"https:\/\/i0.wp.com\/edoaria.com\/wp-content\/uploads\/2025\/01\/1.RougeAmour_Front-1-scaled.jpg?resize=350%2C200&ssl=1 1x, https:\/\/i0.wp.com\/edoaria.com\/wp-content\/uploads\/2025\/01\/1.RougeAmour_Front-1-scaled.jpg?resize=525%2C300&ssl=1 1.5x, https:\/\/i0.wp.com\/edoaria.com\/wp-content\/uploads\/2025\/01\/1.RougeAmour_Front-1-scaled.jpg?resize=700%2C400&ssl=1 2x, https:\/\/i0.wp.com\/edoaria.com\/wp-content\/uploads\/2025\/01\/1.RougeAmour_Front-1-scaled.jpg?resize=1050%2C600&ssl=1 3x, https:\/\/i0.wp.com\/edoaria.com\/wp-content\/uploads\/2025\/01\/1.RougeAmour_Front-1-scaled.jpg?resize=1400%2C800&ssl=1 4x"},"classes":[]},{"id":4344,"url":"https:\/\/edoaria.com\/fr\/shop\/jardin-des-cyclades-grand-toiletry-bag\/","url_meta":{"origin":3179,"position":5},"title":"Jardin des Cyclades - Grande trousse de toilette","author":"Alexandra Emonts","date":"3 avril 2025","format":false,"excerpt":"Introducing the Jardin des Cyclades Grand Toiletry Bag, a luxury accessory that combines timeless Greek evil eye with Art Nouveau florals. Inspired by the ancient protection symbols and Belgian architecture, this piece adds a discreet and elegant touch of magic and protection to your life. Protection symbol : Inspired by\u2026","rel":"","context":"Article similaire","block_context":{"text":"Article similaire","link":""},"img":{"alt_text":"A luxurious deep sapphire blue velvet Grand Toiletry Bag featuring an Art Nouveau floral design intertwined with a protective Greek evil eye motif, set against an ancient Greek temple floor.","src":"https:\/\/i0.wp.com\/edoaria.com\/wp-content\/uploads\/2025\/04\/sq20250331_131728-scaled.jpg?resize=350%2C200&ssl=1","width":350,"height":200,"srcset":"https:\/\/i0.wp.com\/edoaria.com\/wp-content\/uploads\/2025\/04\/sq20250331_131728-scaled.jpg?resize=350%2C200&ssl=1 1x, https:\/\/i0.wp.com\/edoaria.com\/wp-content\/uploads\/2025\/04\/sq20250331_131728-scaled.jpg?resize=525%2C300&ssl=1 1.5x, https:\/\/i0.wp.com\/edoaria.com\/wp-content\/uploads\/2025\/04\/sq20250331_131728-scaled.jpg?resize=700%2C400&ssl=1 2x, https:\/\/i0.wp.com\/edoaria.com\/wp-content\/uploads\/2025\/04\/sq20250331_131728-scaled.jpg?resize=1050%2C600&ssl=1 3x, https:\/\/i0.wp.com\/edoaria.com\/wp-content\/uploads\/2025\/04\/sq20250331_131728-scaled.jpg?resize=1400%2C800&ssl=1 4x"},"classes":[]}],"jetpack_sharing_enabled":true,"_links":{"self":[{"href":"https:\/\/edoaria.com\/fr\/wp-json\/wp\/v2\/product\/3179","targetHints":{"allow":["GET"]}}],"collection":[{"href":"https:\/\/edoaria.com\/fr\/wp-json\/wp\/v2\/product"}],"about":[{"href":"https:\/\/edoaria.com\/fr\/wp-json\/wp\/v2\/types\/product"}],"replies":[{"embeddable":true,"href":"https:\/\/edoaria.com\/fr\/wp-json\/wp\/v2\/comments?post=3179"}],"wp:featuredmedia":[{"embeddable":true,"href":"https:\/\/edoaria.com\/fr\/wp-json\/wp\/v2\/media\/4623"}],"wp:attachment":[{"href":"https:\/\/edoaria.com\/fr\/wp-json\/wp\/v2\/media?parent=3179"}],"wp:term":[{"taxonomy":"product_brand","embeddable":true,"href":"https:\/\/edoaria.com\/fr\/wp-json\/wp\/v2\/product_brand?post=3179"},{"taxonomy":"product_cat","embeddable":true,"href":"https:\/\/edoaria.com\/fr\/wp-json\/wp\/v2\/product_cat?post=3179"},{"taxonomy":"product_tag","embeddable":true,"href":"https:\/\/edoaria.com\/fr\/wp-json\/wp\/v2\/product_tag?post=3179"}],"curies":[{"name":"wp","href":"https:\/\/api.w.org\/{rel}","templated":true}]}}