{"id":2903,"date":"2024-09-24T22:33:22","date_gmt":"2024-09-24T20:33:22","guid":{"rendered":"https:\/\/edoaria.com\/?page_id=2903"},"modified":"2024-12-06T00:16:35","modified_gmt":"2024-12-05T23:16:35","slug":"coming-soon","status":"publish","type":"page","link":"https:\/\/edoaria.com\/fr\/coming-soon\/","title":{"rendered":"Edoaria Coming soon"},"content":{"rendered":"<h2 class=\"wp-block-heading\"><\/h2>\n\n\n\n<p><\/p>","protected":false},"excerpt":{"rendered":"","protected":false},"author":1,"featured_media":0,"parent":0,"menu_order":0,"comment_status":"closed","ping_status":"closed","template":"coming-soon","meta":{"_kadence_starter_templates_imported_post":false,"_kad_post_transparent":"","_kad_post_title":"","_kad_post_layout":"","_kad_post_sidebar_id":"","_kad_post_content_style":"","_kad_post_vertical_padding":"","_kad_post_feature":"","_kad_post_feature_position":"","_kad_post_header":false,"_kad_post_footer":false,"jetpack_post_was_ever_published":false,"footnotes":""},"class_list":["post-2903","page","type-page","status-publish","hentry"],"jetpack-related-posts":[{"id":1337,"url":"https:\/\/edoaria.com\/fr\/about-us\/","url_meta":{"origin":2903,"position":0},"title":"A propos de nous","author":"theunissen_g","date":"13 d\u00e9cembre 2021","format":false,"excerpt":"BIENVENUE D\u00e9couvrez l'histoire derri\u00e8re EDOARIA Bienvenue chez Edoaria, o\u00f9 chaque article est une \u0153uvre d'art, une touche d'h\u00e9ritage et un clin d'\u0153il \u00e0 la magie invisible qui nous entoure. Rejoignez-nous alors que nous continuons \u00e0 b\u00e2tir une marque intemporelle et profond\u00e9ment connect\u00e9e \u00e0 la plan\u00e8te que nous appelons\u2026","rel":"","context":"Article similaire","block_context":{"text":"Article similaire","link":""},"img":{"alt_text":"","src":"https:\/\/i0.wp.com\/edoaria.com\/wp-content\/uploads\/2022\/01\/About-scaled-1.jpeg?resize=350%2C200&ssl=1","width":350,"height":200,"srcset":"https:\/\/i0.wp.com\/edoaria.com\/wp-content\/uploads\/2022\/01\/About-scaled-1.jpeg?resize=350%2C200&ssl=1 1x, https:\/\/i0.wp.com\/edoaria.com\/wp-content\/uploads\/2022\/01\/About-scaled-1.jpeg?resize=525%2C300&ssl=1 1.5x, https:\/\/i0.wp.com\/edoaria.com\/wp-content\/uploads\/2022\/01\/About-scaled-1.jpeg?resize=700%2C400&ssl=1 2x, https:\/\/i0.wp.com\/edoaria.com\/wp-content\/uploads\/2022\/01\/About-scaled-1.jpeg?resize=1050%2C600&ssl=1 3x, https:\/\/i0.wp.com\/edoaria.com\/wp-content\/uploads\/2022\/01\/About-scaled-1.jpeg?resize=1400%2C800&ssl=1 4x"},"classes":[]},{"id":1439,"url":"https:\/\/edoaria.com\/fr\/terms-and-conditions\/","url_meta":{"origin":2903,"position":1},"title":"Conditions g\u00e9n\u00e9rales d'utilisation","author":"theunissen_g","date":"30 mai 2023","format":false,"excerpt":"cgv Conditions G\u00e9n\u00e9rales de Vente Article 1 \u2013 Objet \u2013 Champ d'applicationLes pr\u00e9sentes conditions g\u00e9n\u00e9rales de vente ont pour objet de d\u00e9finir les conditions d'utilisation du site internet suivant : www.edoaria.com (ci-apr\u00e8s d\u00e9nomm\u00e9 \u201c le Site \u201d) et les conditions g\u00e9n\u00e9rales de vente des produits vendus par Edoaria (ci-apr\u00e8s \u201c les Produits \u201d) aux\u2026","rel":"","context":"Article similaire","block_context":{"text":"Article similaire","link":""},"img":{"alt_text":"","src":"","width":0,"height":0},"classes":[]},{"id":4234,"url":"https:\/\/edoaria.com\/fr\/edoaria-links\/","url_meta":{"origin":2903,"position":2},"title":"Edoaria Links","author":"Alexandra Emonts","date":"4 mars 2025","format":false,"excerpt":"VISIT OUR WEBSITE GET IN TOUCH SIGN UP TO OUR NEWSLETTER BELOW GIFTS FOR MOTHERS ROUGE AMOUR CIEL DES REVES PERSONALISATION 2% TO THE WILD MEET THE FOUNDER Follow us","rel":"","context":"Article similaire","block_context":{"text":"Article similaire","link":""},"img":{"alt_text":"Grand Toiletry Bag from Edoaria\u2019s Ciel des R\u00eaves collection customised with the full name \"Viviane\" embroidered in gold letters, front view. New color : Aqua Marine on 100% recycled velevt.","src":"https:\/\/i0.wp.com\/edoaria.com\/wp-content\/uploads\/2025\/03\/Viviane-scaled.jpg?resize=350%2C200&ssl=1","width":350,"height":200,"srcset":"https:\/\/i0.wp.com\/edoaria.com\/wp-content\/uploads\/2025\/03\/Viviane-scaled.jpg?resize=350%2C200&ssl=1 1x, https:\/\/i0.wp.com\/edoaria.com\/wp-content\/uploads\/2025\/03\/Viviane-scaled.jpg?resize=525%2C300&ssl=1 1.5x, https:\/\/i0.wp.com\/edoaria.com\/wp-content\/uploads\/2025\/03\/Viviane-scaled.jpg?resize=700%2C400&ssl=1 2x, https:\/\/i0.wp.com\/edoaria.com\/wp-content\/uploads\/2025\/03\/Viviane-scaled.jpg?resize=1050%2C600&ssl=1 3x, https:\/\/i0.wp.com\/edoaria.com\/wp-content\/uploads\/2025\/03\/Viviane-scaled.jpg?resize=1400%2C800&ssl=1 4x"},"classes":[]},{"id":1336,"url":"https:\/\/edoaria.com\/fr\/","url_meta":{"origin":2903,"position":3},"title":"Accueil","author":"theunissen_g","date":"13 d\u00e9cembre 2021","format":false,"excerpt":"Luxury accessories insipired by the stars & Protection symbols DISCOVER MORE DISCOVER DISCOVER Ciel des R\u00eaves Collection ALL LETTERS AVAILABLE Rouge Amour Collection ENCHANTED HEART & LOVE Discover our Collections Ciel des R\u00eaves Zodiac Aura Oeil Bleu Amour Ondes Delphe GIVING BACK TO NATURE We give 2% back to Ocean\u2026","rel":"","context":"Article similaire","block_context":{"text":"Article similaire","link":""},"img":{"alt_text":"","src":"https:\/\/i0.wp.com\/edoaria.com\/wp-content\/uploads\/2022\/01\/Home-1-scaled-1.jpeg?resize=350%2C200&ssl=1","width":350,"height":200,"srcset":"https:\/\/i0.wp.com\/edoaria.com\/wp-content\/uploads\/2022\/01\/Home-1-scaled-1.jpeg?resize=350%2C200&ssl=1 1x, https:\/\/i0.wp.com\/edoaria.com\/wp-content\/uploads\/2022\/01\/Home-1-scaled-1.jpeg?resize=525%2C300&ssl=1 1.5x, https:\/\/i0.wp.com\/edoaria.com\/wp-content\/uploads\/2022\/01\/Home-1-scaled-1.jpeg?resize=700%2C400&ssl=1 2x"},"classes":[]},{"id":1339,"url":"https:\/\/edoaria.com\/fr\/faq\/","url_meta":{"origin":2903,"position":4},"title":"FAQ","author":"theunissen_g","date":"13 d\u00e9cembre 2021","format":false,"excerpt":"FOIRE AUX QUESTIONS FAQ Si vous ne trouvez pas la r\u00e9ponse que vous cherchez ici, n'h\u00e9sitez pas \u00e0 contacter un membre de notre charmante \u00e9quipe du service client\u00e8le en utilisant le formulaire de contact sur cette page. Informations G\u00e9n\u00e9rales Qu'est-ce qu'Edoaria ? Edoaria est une marque d\u00e9di\u00e9e \u00e0\u2026","rel":"","context":"Article similaire","block_context":{"text":"Article similaire","link":""},"img":{"alt_text":"","src":"https:\/\/i0.wp.com\/edoaria.com\/wp-content\/uploads\/2022\/01\/FAQ.jpeg?resize=350%2C200&ssl=1","width":350,"height":200,"srcset":"https:\/\/i0.wp.com\/edoaria.com\/wp-content\/uploads\/2022\/01\/FAQ.jpeg?resize=350%2C200&ssl=1 1x, https:\/\/i0.wp.com\/edoaria.com\/wp-content\/uploads\/2022\/01\/FAQ.jpeg?resize=525%2C300&ssl=1 1.5x, https:\/\/i0.wp.com\/edoaria.com\/wp-content\/uploads\/2022\/01\/FAQ.jpeg?resize=700%2C400&ssl=1 2x, https:\/\/i0.wp.com\/edoaria.com\/wp-content\/uploads\/2022\/01\/FAQ.jpeg?resize=1050%2C600&ssl=1 3x, https:\/\/i0.wp.com\/edoaria.com\/wp-content\/uploads\/2022\/01\/FAQ.jpeg?resize=1400%2C800&ssl=1 4x"},"classes":[]},{"id":1456,"url":"https:\/\/edoaria.com\/fr\/personalised-items\/","url_meta":{"origin":2903,"position":5},"title":"SERVICE PERSONNALISATION","author":"theunissen_g","date":"30 mai 2023","format":false,"excerpt":"make it as unique as you are Personalised Items Accent Edoaria creations with unique details and leave your signature on a selection of iconic pieces. CUSTOMISABLE Personalised objects : To each their own Join Edoaria's tradition of personalisation. Select your favourite model and customise it by adding initials, names, or\u2026","rel":"","context":"Article similaire","block_context":{"text":"Article similaire","link":""},"img":{"alt_text":"Petite makeup bags with Grand Duo monogram in aqua and moonstone, personalized pouch","src":"https:\/\/i0.wp.com\/edoaria.com\/wp-content\/uploads\/2026\/04\/Personalise_Duo_monogram_multi_makeup_flatlay-1024x768.jpg?resize=350%2C200&ssl=1","width":350,"height":200,"srcset":"https:\/\/i0.wp.com\/edoaria.com\/wp-content\/uploads\/2026\/04\/Personalise_Duo_monogram_multi_makeup_flatlay-1024x768.jpg?resize=350%2C200&ssl=1 1x, https:\/\/i0.wp.com\/edoaria.com\/wp-content\/uploads\/2026\/04\/Personalise_Duo_monogram_multi_makeup_flatlay-1024x768.jpg?resize=525%2C300&ssl=1 1.5x, https:\/\/i0.wp.com\/edoaria.com\/wp-content\/uploads\/2026\/04\/Personalise_Duo_monogram_multi_makeup_flatlay-1024x768.jpg?resize=700%2C400&ssl=1 2x"},"classes":[]}],"jetpack_sharing_enabled":true,"_links":{"self":[{"href":"https:\/\/edoaria.com\/fr\/wp-json\/wp\/v2\/pages\/2903","targetHints":{"allow":["GET"]}}],"collection":[{"href":"https:\/\/edoaria.com\/fr\/wp-json\/wp\/v2\/pages"}],"about":[{"href":"https:\/\/edoaria.com\/fr\/wp-json\/wp\/v2\/types\/page"}],"author":[{"embeddable":true,"href":"https:\/\/edoaria.com\/fr\/wp-json\/wp\/v2\/users\/1"}],"replies":[{"embeddable":true,"href":"https:\/\/edoaria.com\/fr\/wp-json\/wp\/v2\/comments?post=2903"}],"version-history":[{"count":2,"href":"https:\/\/edoaria.com\/fr\/wp-json\/wp\/v2\/pages\/2903\/revisions"}],"predecessor-version":[{"id":2954,"href":"https:\/\/edoaria.com\/fr\/wp-json\/wp\/v2\/pages\/2903\/revisions\/2954"}],"wp:attachment":[{"href":"https:\/\/edoaria.com\/fr\/wp-json\/wp\/v2\/media?parent=2903"}],"curies":[{"name":"wp","href":"https:\/\/api.w.org\/{rel}","templated":true}]}}