{"id":1437,"date":"2023-05-30T18:19:47","date_gmt":"2023-05-30T16:19:47","guid":{"rendered":"https:\/\/vert-chou.be\/?page_id=1437"},"modified":"2026-04-08T16:59:40","modified_gmt":"2026-04-08T14:59:40","slug":"legal-notice","status":"publish","type":"page","link":"https:\/\/edoaria.com\/fr\/legal-notice\/","title":{"rendered":"Avis juridique"},"content":{"rendered":"<style>.kb-row-layout-id1437_b033f9-16 > .kt-row-column-wrap{align-content:start;}:where(.kb-row-layout-id1437_b033f9-16 > .kt-row-column-wrap) > .wp-block-kadence-column{justify-content:start;}.kb-row-layout-id1437_b033f9-16 > .kt-row-column-wrap{column-gap:var(--global-kb-gap-md, 2rem);row-gap:var(--global-kb-gap-md, 2rem);max-width:var( --global-content-width, 1290px );padding-left:var(--global-content-edge-padding);padding-right:var(--global-content-edge-padding);padding-top:100px;padding-bottom:100px;grid-template-columns:minmax(0, 1fr);}.kb-row-layout-id1437_b033f9-16 > .kt-row-layout-overlay{opacity:0.44;mix-blend-mode:multiply;}@media all and (max-width: 1024px){.kb-row-layout-id1437_b033f9-16 > .kt-row-column-wrap{grid-template-columns:minmax(0, 1fr);}}@media all and (max-width: 767px){.kb-row-layout-id1437_b033f9-16 > .kt-row-column-wrap{grid-template-columns:minmax(0, 1fr);}}<\/style><div class=\"kb-row-layout-wrap kb-row-layout-id1437_b033f9-16 alignnone has-theme-palette8-background-color kt-row-has-bg wp-block-kadence-rowlayout\"><div class=\"kt-row-column-wrap kt-has-1-columns kt-row-layout-equal kt-tab-layout-inherit kt-mobile-layout-row kt-row-valign-top kb-theme-content-width\">\n<style>.kadence-column1437_d03c14-2b > .kt-inside-inner-col,.kadence-column1437_d03c14-2b > .kt-inside-inner-col:before{border-top-left-radius:0px;border-top-right-radius:0px;border-bottom-right-radius:0px;border-bottom-left-radius:0px;}.kadence-column1437_d03c14-2b > .kt-inside-inner-col{column-gap:var(--global-kb-gap-sm, 1rem);}.kadence-column1437_d03c14-2b > .kt-inside-inner-col{flex-direction:column;}.kadence-column1437_d03c14-2b > .kt-inside-inner-col > .aligncenter{width:100%;}.kadence-column1437_d03c14-2b > .kt-inside-inner-col:before{opacity:0.3;}.kadence-column1437_d03c14-2b{position:relative;}@media all and (max-width: 1024px){.kadence-column1437_d03c14-2b > .kt-inside-inner-col{flex-direction:column;justify-content:center;}}@media all and (max-width: 767px){.kadence-column1437_d03c14-2b > .kt-inside-inner-col{flex-direction:column;justify-content:center;}}<\/style>\n<div class=\"wp-block-kadence-column kadence-column1437_d03c14-2b inner-column-1\"><div class=\"kt-inside-inner-col\"><style>.wp-block-kadence-advancedheading.kt-adv-heading1437_b848d2-28, .wp-block-kadence-advancedheading.kt-adv-heading1437_b848d2-28[data-kb-block=\"kb-adv-heading1437_b848d2-28\"]{text-align:center;font-style:normal;}.wp-block-kadence-advancedheading.kt-adv-heading1437_b848d2-28 mark.kt-highlight, .wp-block-kadence-advancedheading.kt-adv-heading1437_b848d2-28[data-kb-block=\"kb-adv-heading1437_b848d2-28\"] mark.kt-highlight{font-style:normal;color:#f76a0c;-webkit-box-decoration-break:clone;box-decoration-break:clone;padding-top:0px;padding-right:0px;padding-bottom:0px;padding-left:0px;}.wp-block-kadence-advancedheading.kt-adv-heading1437_b848d2-28 img.kb-inline-image, .wp-block-kadence-advancedheading.kt-adv-heading1437_b848d2-28[data-kb-block=\"kb-adv-heading1437_b848d2-28\"] img.kb-inline-image{width:150px;vertical-align:baseline;}<\/style>\n<h6 class=\"kt-adv-heading1437_b848d2-28 wp-block-kadence-advancedheading\" data-kb-block=\"kb-adv-heading1437_b848d2-28\">LEGAL NOTICE<\/h6>\n\n\n<style>.wp-block-kadence-advancedheading.kt-adv-heading1437_1ed958-9a, .wp-block-kadence-advancedheading.kt-adv-heading1437_1ed958-9a[data-kb-block=\"kb-adv-heading1437_1ed958-9a\"]{text-align:center;font-style:normal;}.wp-block-kadence-advancedheading.kt-adv-heading1437_1ed958-9a mark.kt-highlight, .wp-block-kadence-advancedheading.kt-adv-heading1437_1ed958-9a[data-kb-block=\"kb-adv-heading1437_1ed958-9a\"] mark.kt-highlight{font-style:normal;color:#f76a0c;-webkit-box-decoration-break:clone;box-decoration-break:clone;padding-top:0px;padding-right:0px;padding-bottom:0px;padding-left:0px;}.wp-block-kadence-advancedheading.kt-adv-heading1437_1ed958-9a img.kb-inline-image, .wp-block-kadence-advancedheading.kt-adv-heading1437_1ed958-9a[data-kb-block=\"kb-adv-heading1437_1ed958-9a\"] img.kb-inline-image{width:150px;vertical-align:baseline;}<\/style>\n<h1 class=\"kt-adv-heading1437_1ed958-9a wp-block-kadence-advancedheading\" data-kb-block=\"kb-adv-heading1437_1ed958-9a\">Legal Notice<\/h1>\n\n\n<style>.wp-block-kadence-advancedheading.kt-adv-heading1437_1242fe-3e, .wp-block-kadence-advancedheading.kt-adv-heading1437_1242fe-3e[data-kb-block=\"kb-adv-heading1437_1242fe-3e\"]{text-align:center;line-height:35px;font-style:normal;}.wp-block-kadence-advancedheading.kt-adv-heading1437_1242fe-3e mark.kt-highlight, .wp-block-kadence-advancedheading.kt-adv-heading1437_1242fe-3e[data-kb-block=\"kb-adv-heading1437_1242fe-3e\"] mark.kt-highlight{font-style:normal;color:#f76a0c;-webkit-box-decoration-break:clone;box-decoration-break:clone;padding-top:0px;padding-right:0px;padding-bottom:0px;padding-left:0px;}.wp-block-kadence-advancedheading.kt-adv-heading1437_1242fe-3e img.kb-inline-image, .wp-block-kadence-advancedheading.kt-adv-heading1437_1242fe-3e[data-kb-block=\"kb-adv-heading1437_1242fe-3e\"] img.kb-inline-image{width:150px;vertical-align:baseline;}<\/style>\n<p class=\"kt-adv-heading1437_1242fe-3e wp-block-kadence-advancedheading has-theme-palette-4-color has-text-color\" data-kb-block=\"kb-adv-heading1437_1242fe-3e\"><strong>IDENTIFICATION OF THE PUBLISHER AND HOST:<\/strong><br><br><strong>PUBLISHER:<\/strong> The website <a href=\"https:\/\/www.edoaria.com\">www.edoaria.com<\/a> is published by Artegy SRL.<br><strong>HEADQUARTERS:<\/strong><br>The sale of products is carried out under the commercial name &#8220;Edoaria&#8221; by Artegy SRL, whose head office is located at Avenue Fran\u00e7ois Bovesse, 4053 Chaudfontaine, Belgium, registered with the Banque-Carrefour des Entreprises under VAT number 1003 052 551.<br><strong>HOST:<\/strong> This site is hosted by WordPress via WooCommerce. The hosting provider for WordPress is <a href=\"https:\/\/www.automattic.com\">Automattic Inc.<\/a>, located at 60 29th Street #343, San Francisco, CA 94110, USA. You can contact them via the support form on their website.<br><strong>DEVELOPER:<\/strong> The site was created using the WordPress platform, with WooCommerce integrated for e-commerce functionality and Kadence template customised by Edoaria&#8217;s team.<br><br><strong>RIGHT OF REPRODUCTION<\/strong><br><br>&#8220;All reproduction and representation rights are reserved \u00a9 Edoaria. All information reproduced on this site (photos, Edoaria logos) is protected by intellectual property rights held by Artegy SRL. Consequently, none of this information may be reproduced, modified, rebroadcast, translated, commercially exploited, or reused in any way whatsoever without the prior written consent of Artegy SRL.&#8221;<br>These conditions apply throughout the duration of online services offered by Artegy SRL to website visitors. Artegy SRL reserves the right to adapt or modify these general conditions of sale at any time. They detail the intellectual property rights held by Artegy SRL on the products and various elements of the site, as well as Artegy SRL\u2019s policy regarding the protection and processing of personal data that customers or visitors to the site may communicate (&#8220;data&#8221;).<br><br><strong>RESPONSIBILITY<\/strong><br><br>Artegy SRL has taken all necessary precautions to ensure both the reliability of the information and secure access to its site <a href=\"https:\/\/www.edoaria.com\">www.edoaria.com<\/a>. Nevertheless, Artegy SRL cannot guarantee the total absence of errors, suspensions, or temporary interruptions. Without limiting the scope of other provisions of these terms of use or the GTC within the framework of the e-commerce activity of the website, Artegy SRL can only be held liable in the event of proven fault being exclusively attributable to it. In any case, liability will be limited only to direct damage.<br>Artegy SRL reserves the right to suspend the operation of the website at any time.<br><br><strong>COPYRIGHT &#8211; INTELLECTUAL PROPERTY<\/strong><br><br>Artegy SRL holds the domain name edoaria.com. All data of any kind, and in particular texts, graphics, logos, icons, images, illustrations, audio or video clips, brands, software, and underlying technologies used, appearing on the site <a href=\"https:\/\/www.edoaria.com\">www.edoaria.com<\/a>, are necessarily protected by copyright, trademark law, and all other intellectual property rights. As such, and in accordance with the provisions of the Intellectual Property Code, only use for private purposes is authorized, subject to different or even more restrictive provisions of the Intellectual Property Code. The user undertakes under these conditions not to reproduce, summarize, modify, alter or rebroadcast, without prior express authorization of Artegy SRL, any text, title, application, software, logo, brand, information, or illustration, for a use other than strictly private, which excludes any representation for professional purposes or rebroadcasting in numbers. Likewise, the user undertakes not to copy all or part of the site on another site or an internal business network. Any other use constitutes an infringement and is sanctioned under intellectual property law without prior authorization from Artegy SRL. Any total or partial reproduction of our product catalog is strictly prohibited.<br><br><strong>MODIFICATION OF THE CONDITIONS OF USE<\/strong><br><br>Artegy SRL may modify these conditions of use and will ensure that users are informed of any changes either by a special mention on our site or by a personalized warning, especially as part of the newsletter.<br><br><strong>DISPUTES<\/strong><br><br>In the event of a dispute with our site, you may refer to the European Online Dispute Resolution platform available at the following URL: <a href=\"https:\/\/ec.europa.eu\/odr\">https:\/\/ec.europa.eu\/odr<\/a>.<\/p>\n<\/div><\/div>\n\n<\/div><\/div>","protected":false},"excerpt":{"rendered":"<p>LEGAL NOTICE Legal Notice IDENTIFICATION OF THE PUBLISHER AND HOST: PUBLISHER: The website www.edoaria.com is published by Artegy SRL.HEADQUARTERS:The sale of products is carried out under the commercial name &#8220;Edoaria&#8221; by Artegy SRL, whose head office is located at Avenue Fran\u00e7ois Bovesse, 4053 Chaudfontaine, Belgium, registered with the Banque-Carrefour des Entreprises under VAT number 1003&#8230;<\/p>","protected":false},"author":1,"featured_media":0,"parent":0,"menu_order":0,"comment_status":"closed","ping_status":"closed","template":"","meta":{"_kadence_starter_templates_imported_post":false,"_kad_post_transparent":"","_kad_post_title":"hide","_kad_post_layout":"fullwidth","_kad_post_sidebar_id":"","_kad_post_content_style":"unboxed","_kad_post_vertical_padding":"hide","_kad_post_feature":"hide","_kad_post_feature_position":"","_kad_post_header":false,"_kad_post_footer":false,"jetpack_post_was_ever_published":false,"footnotes":""},"class_list":["post-1437","page","type-page","status-publish","hentry"],"jetpack-related-posts":[{"id":3,"url":"https:\/\/edoaria.com\/fr\/privacy-policy\/","url_meta":{"origin":1437,"position":0},"title":"Politique de confidentialit\u00e9","author":"theunissen_g","date":"9 avril 2023","format":false,"excerpt":"PRIVACY POLICY Privacy Policy This Privacy Policy describes how your personal information is collected, used, and shared when you visit or make a purchase on https:\/\/edoaria.com (the \u201cSite\u201d).PERSONAL INFORMATION COLLECTEDWhen you visit the Site, we automatically collect certain information about your device, including information about your web browser, IP address,\u2026","rel":"","context":"Article similaire","block_context":{"text":"Article similaire","link":""},"img":{"alt_text":"","src":"","width":0,"height":0},"classes":[]},{"id":1456,"url":"https:\/\/edoaria.com\/fr\/personalised-items\/","url_meta":{"origin":1437,"position":1},"title":"SERVICE PERSONNALISATION","author":"theunissen_g","date":"30 mai 2023","format":false,"excerpt":"make it as unique as you are Personalised Items Accent Edoaria creations with unique details and leave your signature on a selection of iconic pieces. CUSTOMISABLE Personalised objects : To each their own Join Edoaria's tradition of personalisation. Select your favourite model and customise it by adding initials, names, or\u2026","rel":"","context":"Article similaire","block_context":{"text":"Article similaire","link":""},"img":{"alt_text":"Petite makeup bags with Grand Duo monogram in aqua and moonstone, personalized pouch","src":"https:\/\/i0.wp.com\/edoaria.com\/wp-content\/uploads\/2026\/04\/Personalise_Duo_monogram_multi_makeup_flatlay-1024x768.jpg?resize=350%2C200&ssl=1","width":350,"height":200,"srcset":"https:\/\/i0.wp.com\/edoaria.com\/wp-content\/uploads\/2026\/04\/Personalise_Duo_monogram_multi_makeup_flatlay-1024x768.jpg?resize=350%2C200&ssl=1 1x, https:\/\/i0.wp.com\/edoaria.com\/wp-content\/uploads\/2026\/04\/Personalise_Duo_monogram_multi_makeup_flatlay-1024x768.jpg?resize=525%2C300&ssl=1 1.5x, https:\/\/i0.wp.com\/edoaria.com\/wp-content\/uploads\/2026\/04\/Personalise_Duo_monogram_multi_makeup_flatlay-1024x768.jpg?resize=700%2C400&ssl=1 2x"},"classes":[]},{"id":1439,"url":"https:\/\/edoaria.com\/fr\/terms-and-conditions\/","url_meta":{"origin":1437,"position":2},"title":"Conditions g\u00e9n\u00e9rales d'utilisation","author":"theunissen_g","date":"30 mai 2023","format":false,"excerpt":"cgv Conditions G\u00e9n\u00e9rales de Vente Article 1 \u2013 Objet \u2013 Champ d'applicationLes pr\u00e9sentes conditions g\u00e9n\u00e9rales de vente ont pour objet de d\u00e9finir les conditions d'utilisation du site internet suivant : www.edoaria.com (ci-apr\u00e8s d\u00e9nomm\u00e9 \u201c le Site \u201d) et les conditions g\u00e9n\u00e9rales de vente des produits vendus par Edoaria (ci-apr\u00e8s \u201c les Produits \u201d) aux\u2026","rel":"","context":"Article similaire","block_context":{"text":"Article similaire","link":""},"img":{"alt_text":"","src":"","width":0,"height":0},"classes":[]}],"jetpack_sharing_enabled":true,"_links":{"self":[{"href":"https:\/\/edoaria.com\/fr\/wp-json\/wp\/v2\/pages\/1437","targetHints":{"allow":["GET"]}}],"collection":[{"href":"https:\/\/edoaria.com\/fr\/wp-json\/wp\/v2\/pages"}],"about":[{"href":"https:\/\/edoaria.com\/fr\/wp-json\/wp\/v2\/types\/page"}],"author":[{"embeddable":true,"href":"https:\/\/edoaria.com\/fr\/wp-json\/wp\/v2\/users\/1"}],"replies":[{"embeddable":true,"href":"https:\/\/edoaria.com\/fr\/wp-json\/wp\/v2\/comments?post=1437"}],"version-history":[{"count":8,"href":"https:\/\/edoaria.com\/fr\/wp-json\/wp\/v2\/pages\/1437\/revisions"}],"predecessor-version":[{"id":4888,"href":"https:\/\/edoaria.com\/fr\/wp-json\/wp\/v2\/pages\/1437\/revisions\/4888"}],"wp:attachment":[{"href":"https:\/\/edoaria.com\/fr\/wp-json\/wp\/v2\/media?parent=1437"}],"curies":[{"name":"wp","href":"https:\/\/api.w.org\/{rel}","templated":true}]}}